{"id":19393,"date":"2025-09-20T11:53:16","date_gmt":"2025-09-20T09:53:16","guid":{"rendered":"https:\/\/puff9k.com\/?page_id=19393"},"modified":"2025-09-20T11:53:17","modified_gmt":"2025-09-20T09:53:17","slug":"versandpolitik","status":"publish","type":"page","link":"https:\/\/vape.ac\/de\/politique-dexpedition\/","title":{"rendered":"Versandrichtlinien"},"content":{"rendered":"<p><strong>Versandrichtlinien<\/strong><\/p>\n\n\n\n<p>1. Bestellungen werden innerhalb von 1 bis 3 Werktagen bearbeitet und versendet. Die Versanddauer betr\u00e4gt in der Regel zwischen 7 und 15 Werktagen. Bitte beachten Sie, dass wir keine Bestellungen am Wochenende versenden.<\/p>\n\n\n\n<p>2. Sobald Ihre Bestellung versendet wurde, senden wir Ihnen per E-Mail die Tracking-Informationen. Sie k\u00f6nnen Ihre Sendung mithilfe der Tracking-Nummer verfolgen, die auf der folgenden Website bereitgestellt wird:<\/p>\n\n\n\n<figure class=\"wp-block-embed\"><div class=\"wp-block-embed__wrapper\">\nhttps:\/\/www.17track.net\/en\n<\/div><\/figure>\n\n\n\n<p>Bitte rechnen Sie 1-2 Tage nach dem Versand damit, dass die Tracking-Aktualisierungen auf der Website erscheinen.<\/p>\n\n\n\n<p>3. Sie haben jederzeit die M\u00f6glichkeit, eine Bestellung zu stornieren oder die Lieferadresse zu \u00e4ndern, bevor die Produkte versendet werden. Sobald die Bestellung versendet wurde, k\u00f6nnen wir jedoch keine R\u00fcckerstattungen oder Adress\u00e4nderungen mehr vornehmen.<\/p>\n\n\n\n<p>4.die L\u00e4nder, mit denen wir versenden k\u00f6nnen&nbsp;<strong>DDP<\/strong>&nbsp;(<strong>Bezahlte Z\u00f6lle<\/strong>) Methode, er verlangt nicht, dass Sie die Zollabfertigung durchf\u00fchren, und es fallen keine Zollgeb\u00fchren f\u00fcr Sie an.<\/p>\n\n\n\n<ul class=\"wp-block-list\">\n<li>USA - UPS Express (au\u00dfer Alaska und Hawaii)<\/li>\n\n\n\n<li>UK - Local DPD Express<\/li>\n\n\n\n<li>Europa - UPS Express\/ DPD Express\/ DHL Express<\/li>\n<\/ul>\n\n\n\n<p>L\u00e4nderlisten f\u00fcr die DDP-Methode Europa: Deutschland, Belgien, Luxemburg, Niederlande, Tschechische Republik, Polen, Kroatien, Slowakei, Slowenien, Finnland, D\u00e4nemark, Schweden, \u00d6sterreich, Frankreich, Italien, Ungarn, Bulgarien, Litauen, Estland, Lettland, Griechenland, Irland, Portugal, Spanien.<\/p>","protected":false},"excerpt":{"rendered":"<p>Politique d&rsquo;exp\u00e9dition 1. Les commandes sont trait\u00e9es et exp\u00e9di\u00e9es dans un d\u00e9lai de 1 \u00e0 3 jours ouvrables. Les d\u00e9lais d&rsquo;exp\u00e9dition sont g\u00e9n\u00e9ralement compris entre 7 et 15 jours ouvrables. Veuillez noter que nous n&rsquo;exp\u00e9dions pas les commandes le week-end. 2. Une fois votre commande exp\u00e9di\u00e9e, nous vous enverrons par courrier \u00e9lectronique les informations de [&hellip;]<\/p>\n","protected":false},"author":1,"featured_media":0,"parent":0,"menu_order":0,"comment_status":"closed","ping_status":"closed","template":"","meta":{"footnotes":""},"class_list":["post-19393","page","type-page","status-publish","hentry"],"_links":{"self":[{"href":"https:\/\/vape.ac\/de\/wp-json\/wp\/v2\/pages\/19393","targetHints":{"allow":["GET"]}}],"collection":[{"href":"https:\/\/vape.ac\/de\/wp-json\/wp\/v2\/pages"}],"about":[{"href":"https:\/\/vape.ac\/de\/wp-json\/wp\/v2\/types\/page"}],"author":[{"embeddable":true,"href":"https:\/\/vape.ac\/de\/wp-json\/wp\/v2\/users\/1"}],"replies":[{"embeddable":true,"href":"https:\/\/vape.ac\/de\/wp-json\/wp\/v2\/comments?post=19393"}],"version-history":[{"count":0,"href":"https:\/\/vape.ac\/de\/wp-json\/wp\/v2\/pages\/19393\/revisions"}],"wp:attachment":[{"href":"https:\/\/vape.ac\/de\/wp-json\/wp\/v2\/media?parent=19393"}],"curies":[{"name":"wp","href":"https:\/\/api.w.org\/{rel}","templated":true}]}}