{"id":19397,"date":"2025-09-20T11:57:35","date_gmt":"2025-09-20T09:57:35","guid":{"rendered":"https:\/\/puff9k.com\/?page_id=19397"},"modified":"2025-09-20T11:57:36","modified_gmt":"2025-09-20T09:57:36","slug":"allgemeine-nutzungsbedingungen","status":"publish","type":"page","link":"https:\/\/vape.ac\/de\/conditions-generales-dutilisation\/","title":{"rendered":"Allgemeine Nutzungsbedingungen"},"content":{"rendered":"<p>Willkommen in\u00a0<strong>PUff9k<\/strong>! Bitte lesen Sie diese Bedingungen sorgf\u00e4ltig durch, bevor Sie unsere Website nutzen. Indem Sie auf unsere Website zugreifen und sie nutzen, erkl\u00e4ren Sie sich damit einverstanden, die hier beschriebenen Bedingungen sowie alle geltenden Gesetze einzuhalten. Wenn Sie mit diesen Bedingungen nicht einverstanden sind, stellen Sie bitte die Nutzung unserer Website ein. Indem Sie einen Kauf t\u00e4tigen, erkl\u00e4ren Sie sich mit diesen Bedingungen sowie unseren Versand-, R\u00fcckgabe- und Garantiebestimmungen einverstanden.<\/p>\n\n\n\n<p><strong>Internationale Bestellungen<\/strong><\/p>\n\n\n\n<p><strong>PUff9k<\/strong> ist von seinem Hauptsitz in Hongkong aus weltweit t\u00e4tig. Kunden au\u00dferhalb von Hongkong werden als internationale Kunden betrachtet. Bitte stellen Sie sicher, dass Sie mit den Bestimmungen Ihres Landes bez\u00fcglich des Besitzes, der Einfuhr und der Verwendung von Verdampfungsprodukten vertraut sind, bevor Sie eine Bestellung aufgeben. In einigen L\u00e4ndern gelten m\u00f6glicherweise zus\u00e4tzliche Richtlinien, die in unseren Versand-, R\u00fcckgabe- und Gew\u00e4hrleistungsrichtlinien angegeben sind.<\/p>\n\n\n\n<p><strong>Urheberrecht<\/strong><\/p>\n\n\n\n<p>Der gesamte Inhalt dieser Website, einschlie\u00dflich Text, Grafiken und Code, ist urheberrechtlich als kollektives Werk gesch\u00fctzt, das Eigentum von <strong>PUff9k<\/strong>. Copyright 2022, AiviouVape. Alle Rechte vorbehalten. Sie d\u00fcrfen Teile der Seite elektronisch kopieren und ausdrucken, um eine Bestellung aufzugeben oder Produkte von AiviouVape zu kaufen. Jede andere Verwendung, einschlie\u00dflich der Vervielf\u00e4ltigung, Verteilung oder \u00dcbertragung des Inhalts der Seite, ist verboten, es sei denn, es liegt eine Genehmigung von AiviouVape Inc. vor.<\/p>\n\n\n\n<p><strong>Eingetragene Marken<\/strong><\/p>\n\n\n\n<p>Alle auf unserer Seite angezeigten Handelsmarken, Dienstleistungsmarken und Handelsnamen sind Eigentum von<strong>PUff9k<\/strong>.<\/p>\n\n\n\n<p><strong>Ausschluss der Garantie<\/strong><\/p>\n\n\n\n<p>Unsere Website und alle Materialien und Produkte werden \"wie besehen\" ohne jegliche ausdr\u00fcckliche oder stillschweigende Gew\u00e4hrleistung bereitgestellt. <strong>PUff9k<\/strong> lehnt alle Garantien ab, einschlie\u00dflich, aber nicht beschr\u00e4nkt auf die Marktg\u00e4ngigkeit, die Eignung f\u00fcr einen bestimmten Zweck und die Nichtverletzung von Rechten Dritter. Wir garantieren nicht, dass die Funktionen der Website ununterbrochen oder fehlerfrei sind, dass M\u00e4ngel behoben werden oder dass die Website frei von Viren oder anderen sch\u00e4dlichen Komponenten ist. Wir \u00fcbernehmen keine Gew\u00e4hr f\u00fcr die Richtigkeit, Vollst\u00e4ndigkeit oder Zuverl\u00e4ssigkeit der bereitgestellten Inhalte.<\/p>\n\n\n\n<p><strong>Beschr\u00e4nkung der Haftung<\/strong><\/p>\n\n\n\n<p><strong>PUff9k<\/strong> haftet nicht f\u00fcr spezielle oder indirekte Sch\u00e4den, die sich aus der Nutzung oder der Unm\u00f6glichkeit der Nutzung der Materialien auf dieser Website oder aus der Leistung der Produkte ergeben, selbst wenn sie \u00fcber die M\u00f6glichkeit solcher Sch\u00e4den informiert wurde. In einigen Gerichtsbarkeiten ist der Ausschluss oder die Beschr\u00e4nkung der Haftung f\u00fcr indirekte oder zuf\u00e4llige Sch\u00e4den nicht zul\u00e4ssig, sodass diese Beschr\u00e4nkungen m\u00f6glicherweise nicht auf Sie zutreffen.<\/p>\n\n\n\n<p><strong>Einstellung der T\u00e4tigkeit<\/strong><\/p>\n\n\n\n<p>Diese Bedingungen gelten f\u00fcr alle Nutzer beim Zugriff auf die Website, bei der Registrierung oder beim Kauf. <strong>PUff9k<\/strong> beh\u00e4lt sich das Recht vor, diese Bedingungen jederzeit ohne Vorank\u00fcndigung ganz oder teilweise zu k\u00fcndigen. Die Bestimmungen zum Urheberrecht, zu den Marken, zum Haftungsausschluss, zur Haftungsbeschr\u00e4nkung, zum Schadensersatz und zu Sonstigem \u00fcberdauern die K\u00fcndigung.<\/p>\n\n\n\n<p><strong>Meinungen<\/strong><\/p>\n\n\n\n<p><strong>PUff9k<\/strong> kann Ihnen unter Verwendung der von Ihnen angegebenen Kontaktinformationen Hinweise per E-Mail, allgemeine Hinweise auf der Website oder andere zuverl\u00e4ssige Methoden zur Verf\u00fcgung stellen.<\/p>\n\n\n\n<p><strong>Verschiedene<\/strong><\/p>\n\n\n\n<p>Diese Bedingungen unterliegen den Gesetzen von Hongkong, ohne R\u00fccksicht auf dessen Grunds\u00e4tze des Kollisionsrechts. Alle Streitigkeiten, die sich aus diesen Bedingungen ergeben, werden vor den Gerichten von Hongkong entschieden. Anspr\u00fcche m\u00fcssen innerhalb eines Jahres nach ihrem Entstehen geltend gemacht werden. Die Entscheidung von<strong>PUff9k<\/strong> einen Teil dieser Bedingungen nicht durchzusetzen, stellt keinen Verzicht auf seine Rechte dar. Wir k\u00f6nnen unsere Rechte und Pflichten im Rahmen dieser Bedingungen ohne vorherige Ank\u00fcndigung abtreten.<\/p>\n\n\n\n<p><strong>Nutzung der Seite<\/strong><\/p>\n\n\n\n<p>Bel\u00e4stigungen oder unangemessenes Verhalten auf der Website sind verboten. Nutzer d\u00fcrfen keine anst\u00f6\u00dfigen Inhalte hochladen oder andere Personen um kommerzielle Dienstleistungen bitten. <strong>PUff9k<\/strong> beh\u00e4lt sich das Recht vor, Inhalte, die gegen diese Bedingungen versto\u00dfen, zu blockieren oder zu entfernen.<\/p>\n\n\n\n<p><strong>Haftungsausschluss bez\u00fcglich der Teilnahme<\/strong><\/p>\n\n\n\n<p><strong>PUff9k<\/strong> ist nicht f\u00fcr Inhalte verantwortlich, die von Nutzern auf der Website generiert werden. Wir fungieren lediglich als Verbreitungsplattform und behalten uns das Recht vor, anst\u00f6\u00dfige Inhalte zu entfernen, wenn dies als notwendig erachtet wird.<\/p>\n\n\n\n<p><strong>Verwendung von Produkten<\/strong><\/p>\n\n\n\n<p><strong>PUff9k<\/strong> macht keine Aussagen \u00fcber die Wirksamkeit des Produkts f\u00fcr einen bestimmten Zweck. Alle Produkte werden auf Risiko des K\u00e4ufers verwendet. Nikotinprodukte sind ausschlie\u00dflich f\u00fcr den Gebrauch durch Erwachsene bestimmt. Bitte konsultieren Sie einen Angeh\u00f6rigen der Gesundheitsberufe, bevor Sie Nikotinprodukte verwenden.<\/p>\n\n\n\n<p><strong>Entsch\u00e4digung<\/strong><\/p>\n\n\n\n<p>Durch die Nutzung unserer Website erkl\u00e4ren Sie sich damit einverstanden, Folgendes zu entsch\u00e4digen <strong>PUff9k<\/strong> und seine Dienstleister von allen Verlusten, Sch\u00e4den, Kosten und Ausgaben, die aus einer Verletzung dieser Bedingungen oder damit verbundenen Aktivit\u00e4ten auf Ihrem Konto entstehen.<\/p>\n\n\n\n<p><strong>Links zu Dritten<\/strong><\/p>\n\n\n\n<p><strong>PUff9k<\/strong> kann f\u00fcr die Bequemlichkeit des Nutzers Links zu externen Websites bereitstellen. Wir kontrollieren diese Websites nicht und sind nicht f\u00fcr ihren Inhalt oder ihre Praktiken verantwortlich.<\/p>\n\n\n\n<p><strong>Haftungsausschluss<\/strong><\/p>\n\n\n\n<p>F\u00fcr einige Produkte gelten m\u00f6glicherweise spezielle Warnungen bez\u00fcglich der R\u00fcckgabe oder der Berechtigung zum Umtausch. Bitte lesen Sie vor dem Kauf alle produktspezifischen Warnhinweise. Indem Sie bei der Zahlung unsere Allgemeinen Gesch\u00e4ftsbedingungen akzeptieren, best\u00e4tigen Sie, dass Sie alle zutreffenden Warnhinweise verstanden haben.<\/p>\n\n\n\n<p>Vielen Dank, dass Sie sich f\u00fcr\u00a0<strong><strong>PUff9k<\/strong><\/strong> !<\/p>","protected":false},"excerpt":{"rendered":"<p>Bienvenue \u00e0\u00a0PUff9k! Veuillez lire attentivement ces conditions g\u00e9n\u00e9rales avant d&rsquo;utiliser notre site Web. En acc\u00e9dant \u00e0 notre site et en l&rsquo;utilisant, vous acceptez de vous conformer aux conditions d\u00e9crites ici, ainsi qu&rsquo;\u00e0 toutes les lois applicables. Si vous n&rsquo;\u00eates pas d&rsquo;accord avec ces conditions, veuillez cesser d&rsquo;utiliser notre site Web. En effectuant un achat, vous [&hellip;]<\/p>\n","protected":false},"author":1,"featured_media":0,"parent":0,"menu_order":0,"comment_status":"closed","ping_status":"closed","template":"","meta":{"footnotes":""},"class_list":["post-19397","page","type-page","status-publish","hentry"],"_links":{"self":[{"href":"https:\/\/vape.ac\/de\/wp-json\/wp\/v2\/pages\/19397","targetHints":{"allow":["GET"]}}],"collection":[{"href":"https:\/\/vape.ac\/de\/wp-json\/wp\/v2\/pages"}],"about":[{"href":"https:\/\/vape.ac\/de\/wp-json\/wp\/v2\/types\/page"}],"author":[{"embeddable":true,"href":"https:\/\/vape.ac\/de\/wp-json\/wp\/v2\/users\/1"}],"replies":[{"embeddable":true,"href":"https:\/\/vape.ac\/de\/wp-json\/wp\/v2\/comments?post=19397"}],"version-history":[{"count":0,"href":"https:\/\/vape.ac\/de\/wp-json\/wp\/v2\/pages\/19397\/revisions"}],"wp:attachment":[{"href":"https:\/\/vape.ac\/de\/wp-json\/wp\/v2\/media?parent=19397"}],"curies":[{"name":"wp","href":"https:\/\/api.w.org\/{rel}","templated":true}]}}