{"id":19399,"date":"2025-09-20T12:00:55","date_gmt":"2025-09-20T10:00:55","guid":{"rendered":"https:\/\/puff9k.com\/?page_id=19399"},"modified":"2025-09-20T12:00:56","modified_gmt":"2025-09-20T10:00:56","slug":"lagepolitik","status":"publish","type":"page","link":"https:\/\/vape.ac\/de\/politique-de-lage\/","title":{"rendered":"Alterspolitik"},"content":{"rendered":"<p>Alter in Puff9k \u00fcberpr\u00fcfen<\/p>\n\n\n\n<p>**Gesetzliches Mindestalter f\u00fcr das Rauchen:** Alle Kunden m\u00fcssen mindestens 21 Jahre alt sein, um Produkte auf unserer Website zu kaufen. Dies entspricht dem gesetzlichen Mindestalter f\u00fcr das Rauchen in den USA f\u00fcr elektronische Zigaretten und verwandte Artikel. Besuchen Sie Puff9k f\u00fcr konformes und verantwortungsbewusstes Einkaufen.<\/p>\n\n\n\n<p>**Wichtigkeit einer genauen Altersdarstellung:** Die F\u00e4lschung von Altersangaben zum Kauf unserer Produkte verst\u00f6\u00dft nicht nur gegen unsere Richtlinien, sondern ist auch illegal. Solche Handlungen k\u00f6nnen schwerwiegende rechtliche Konsequenzen nach sich ziehen.<\/p>\n\n\n\n<p>**Verbot f\u00fcr Minderj\u00e4hrige, per Vollmacht einzukaufen:** Alles kaufen\u00a0<a href=\"https:\/\/puff9k.com\/\">Vaporisationsprodukte<\/a>\u00a0Die Nutzung unserer Produkte durch Minderj\u00e4hrige ist strengstens untersagt und kann strafrechtliche Folgen haben. Wir verpflichten uns, den unbefugten Zugriff auf unsere Produkte zu verhindern.<\/p>\n\n\n\n<p>**Strenges Altersverifikationsverfahren:** Um die gesetzlichen Anforderungen zu erf\u00fcllen und Jugendliche zu sch\u00fctzen, verwenden wir ein strenges Altersverifikationssystem. Die Kunden m\u00fcssen pers\u00f6nliche Informationen (Name, Adresse, Geburtsdatum und die letzten vier Ziffern ihrer Sozialversicherungsnummer) angeben, die wir anhand \u00f6ffentlicher Register \u00fcberpr\u00fcfen. Wenn die \u00dcberpr\u00fcfung fehlschl\u00e4gt oder Sie Ihre Sozialversicherungsdaten nicht angeben k\u00f6nnen, k\u00f6nnen wir einen von der Regierung ausgestellten Identit\u00e4tsnachweis verlangen.<\/p>\n\n\n\n<p>**Recht auf Dienstverweigerung:** Wir behalten uns das Recht vor, Bestellungen zu stornieren oder abzulehnen, wenn die Verifizierung nicht erfolgreich durchgef\u00fchrt wird oder ein geeigneter Identit\u00e4tsnachweis nicht rechtzeitig vorgelegt wird.<\/p>\n\n\n\n<p>**Einsatz f\u00fcr die Pr\u00e4vention bei Jugendlichen:** Die Verhinderung des Verkaufs an Minderj\u00e4hrige ist eine unserer h\u00f6chsten Priorit\u00e4ten. Unser Altersverifikationssystem unterstreicht unser Engagement f\u00fcr die Aufrechterhaltung einer verantwortungsvollen Vaping-Umgebung.<\/p>\n\n\n\n<p>**Serviceverweigerung oder -einschr\u00e4nkung:** Als Online-Verk\u00e4ufer behalten wir uns das Recht vor, den Service in bestimmten F\u00e4llen zu verweigern. Wenn ein Kunde der Meinung ist, dass sein Zugang ungerechtfertigt eingeschr\u00e4nkt wurde, wird er ermutigt, sich mit unserem Kundenservice in Verbindung zu setzen, um Hilfe zu erhalten.<\/p>\n\n\n\n<p>**Altersbeschr\u00e4nkungshinweis:** Die Website von Aiviou Vape enth\u00e4lt einen klaren Haftungsausschluss, der die Anforderung unterstreicht, dass US-Kunden mindestens 21 Jahre alt sein m\u00fcssen, um Produkte f\u00fcr elektronische Zigaretten zu kaufen.<\/p>\n\n\n\n<p>Auf\u00a0<a href=\"https:\/\/puff9k.com\/\">Puff9k<\/a> , Die Sicherheit und das Wohlergehen unserer Kunden stehen bei uns an erster Stelle, indem wir eine strenge Alters\u00fcberpr\u00fcfung durchf\u00fchren. Unsere Ma\u00dfnahmen spiegeln unsere Hingabe an eine sichere und konforme Dampfergemeinschaft wider und bieten den Kunden ein beruhigendes Gef\u00fchl, wenn sie bei uns einkaufen.<\/p>\n\n\n\n<p>Die Verpflichtung unseres Unternehmens, sicherzustellen, dass nur rechtlich befugte Personen unsere Produkte kaufen k\u00f6nnen, unterstreicht die Bedeutung verantwortungsvoller Vaping-Praktiken. Wir erkennen an, dass eine wirksame Altersverifikation entscheidend ist, um den Zugang von Minderj\u00e4hrigen zu verhindern, und haben ein umfassendes System eingerichtet, um dieser Verantwortung gerecht zu werden.<\/p>\n\n\n\n<p>Unser Verfahren erfordert spezifische Informationen (Name, Adresse, Geburtsdatum und die letzten vier Ziffern der Sozialversicherungsnummer), die wir anhand von zuverl\u00e4ssigen Aufzeichnungen validieren, um das Alter zu best\u00e4tigen. Wenn ein Kunde seine Sozialversicherungsdaten nicht angeben kann, bieten wir ihm die M\u00f6glichkeit, einen amtlichen Ausweis als zus\u00e4tzliche Verifizierungsma\u00dfnahme hochzuladen.<\/p>\n\n\n\n<p>**Folgen einer falschen Altersangabe:** Es ist illegal, beim Kauf unserer Produkte das Alter zu verf\u00e4lschen, und hat schwerwiegende rechtliche Folgen. Dar\u00fcber hinaus ist der Kauf f\u00fcr Minderj\u00e4hrige strengstens verboten und wird ebenfalls gesetzlich bestraft. Wir nehmen diese Normen ernst und k\u00f6nnen Bestellungen ablehnen, wenn die Identifizierung nicht schnell \u00fcberpr\u00fcft werden kann.<\/p>\n\n\n\n<p>Aiviou Vape verpflichtet sich, den Verkauf an Minderj\u00e4hrige zu verhindern. Unser Protokoll zur Altersverifikation ist das Herzst\u00fcck unserer Mission, verantwortungsbewusstes und sicheres Einkaufen in der Vaping-Community zu f\u00f6rdern.<\/p>\n\n\n\n<p>Wenn ein Kunde eine Einschr\u00e4nkung des Dienstes erf\u00e4hrt, die er f\u00fcr einen Fehler h\u00e4lt, kann er sich an unser Kundenbetreuungsteam wenden. Wir legen Wert auf eine transparente Kommunikation und bem\u00fchen uns, jedes Problem auf faire Weise zu l\u00f6sen.<\/p>\n\n\n\n<p>Unsere Website zeigt an prominenter Stelle eine Alterswarnung f\u00fcr den Kauf von elektronischen Zigaretten, die alle Nutzer daran erinnert, dass sie in den USA gesetzlich 21 Jahre alt sein m\u00fcssen.<\/p>\n\n\n\n<p>Aiviou Vape zu w\u00e4hlen bedeutet, ein Unternehmen auszuw\u00e4hlen, das Integrit\u00e4t, Gesetzeskonformit\u00e4t und Kundensicherheit wertsch\u00e4tzt. Unser Engagement f\u00fcr eine verantwortungsvolle Alterspolitik ist nicht nur verfahrensbedingt; es ist eine grundlegende Widerspiegelung unserer Werte und unserer Hingabe, ein sicheres und vertrauensw\u00fcrdiges Einkaufserlebnis zu schaffen. Vertrauen Sie Aiviou Vape f\u00fcr einen sicheren und verantwortungsvollen Zugang zu qualitativ hochwertigen Vaping-Produkten.<\/p>","protected":false},"excerpt":{"rendered":"<p>V\u00e9rification de l&rsquo;\u00e2ge \u00e0\u00a0Puff9k **\u00c2ge l\u00e9gal requis pour fumer\u00a0:** Tous les clients doivent \u00eatre \u00e2g\u00e9s de 21 ans ou plus pour acheter des produits sur notre site, conform\u00e9ment \u00e0 l&rsquo;\u00e2ge l\u00e9gal pour fumer aux \u00c9tats-Unis pour les cigarettes \u00e9lectroniques et les articles connexes. Visitez\u00a0Puff9k pour des achats conformes et responsables. **Importance d&rsquo;une repr\u00e9sentation pr\u00e9cise de [&hellip;]<\/p>\n","protected":false},"author":1,"featured_media":0,"parent":0,"menu_order":0,"comment_status":"closed","ping_status":"closed","template":"","meta":{"footnotes":""},"class_list":["post-19399","page","type-page","status-publish","hentry"],"_links":{"self":[{"href":"https:\/\/vape.ac\/de\/wp-json\/wp\/v2\/pages\/19399","targetHints":{"allow":["GET"]}}],"collection":[{"href":"https:\/\/vape.ac\/de\/wp-json\/wp\/v2\/pages"}],"about":[{"href":"https:\/\/vape.ac\/de\/wp-json\/wp\/v2\/types\/page"}],"author":[{"embeddable":true,"href":"https:\/\/vape.ac\/de\/wp-json\/wp\/v2\/users\/1"}],"replies":[{"embeddable":true,"href":"https:\/\/vape.ac\/de\/wp-json\/wp\/v2\/comments?post=19399"}],"version-history":[{"count":0,"href":"https:\/\/vape.ac\/de\/wp-json\/wp\/v2\/pages\/19399\/revisions"}],"wp:attachment":[{"href":"https:\/\/vape.ac\/de\/wp-json\/wp\/v2\/media?parent=19399"}],"curies":[{"name":"wp","href":"https:\/\/api.w.org\/{rel}","templated":true}]}}