{"id":19393,"date":"2025-09-20T11:53:16","date_gmt":"2025-09-20T09:53:16","guid":{"rendered":"https:\/\/puff9k.com\/?page_id=19393"},"modified":"2025-09-20T11:53:17","modified_gmt":"2025-09-20T09:53:17","slug":"shipping-policy","status":"publish","type":"page","link":"https:\/\/vape.ac\/en\/politique-dexpedition\/","title":{"rendered":"Shipping policy"},"content":{"rendered":"<p><strong>Shipping policy<\/strong><\/p>\n\n\n\n<p>1. Orders are processed and shipped within 1 to 3 business days. Shipping times are generally between 7 and 15 working days. Please note that we do not ship orders on weekends.<\/p>\n\n\n\n<p>2. Once your order has been shipped, we will email you the tracking information. You can track your shipment using the tracking number provided on the following website:<\/p>\n\n\n\n<figure class=\"wp-block-embed\"><div class=\"wp-block-embed__wrapper\">\nhttps:\/\/www.17track.net\/en\n<\/div><\/figure>\n\n\n\n<p>Please allow 1-2 days after shipment for tracking updates to appear on the website.<\/p>\n\n\n\n<p>3. You may cancel an order or change the delivery address at any time before the products are shipped. However, once the order has been dispatched, we cannot process refunds or address changes.<\/p>\n\n\n\n<p>4.countries we can ship to&nbsp;<strong>DDP<\/strong>&nbsp;(<strong>Customs duties paid<\/strong>) In this way, you don't have to clear customs, and there are no customs duties for you.<\/p>\n\n\n\n<ul class=\"wp-block-list\">\n<li>United States - UPS Express (except Alaska and Hawaii)<\/li>\n\n\n\n<li>UK - Local DPD Express<\/li>\n\n\n\n<li>Europe - UPS Express\/ DPD Express\/ DHL Express<\/li>\n<\/ul>\n\n\n\n<p>List of DDP Europe countries: Germany, Belgium, Luxembourg, Netherlands, Czech Republic, Poland, Croatia, Slovakia, Slovenia, Finland, Denmark, Sweden, Austria, France, Italy, Hungary, Bulgaria, Lithuania, Estonia, Latvia, Greece, Ireland, Portugal, Spain.<\/p>","protected":false},"excerpt":{"rendered":"<p>Politique d&rsquo;exp\u00e9dition 1. Les commandes sont trait\u00e9es et exp\u00e9di\u00e9es dans un d\u00e9lai de 1 \u00e0 3 jours ouvrables. Les d\u00e9lais d&rsquo;exp\u00e9dition sont g\u00e9n\u00e9ralement compris entre 7 et 15 jours ouvrables. Veuillez noter que nous n&rsquo;exp\u00e9dions pas les commandes le week-end. 2. Une fois votre commande exp\u00e9di\u00e9e, nous vous enverrons par courrier \u00e9lectronique les informations de [&hellip;]<\/p>\n","protected":false},"author":1,"featured_media":0,"parent":0,"menu_order":0,"comment_status":"closed","ping_status":"closed","template":"","meta":{"footnotes":""},"class_list":["post-19393","page","type-page","status-publish","hentry"],"_links":{"self":[{"href":"https:\/\/vape.ac\/en\/wp-json\/wp\/v2\/pages\/19393","targetHints":{"allow":["GET"]}}],"collection":[{"href":"https:\/\/vape.ac\/en\/wp-json\/wp\/v2\/pages"}],"about":[{"href":"https:\/\/vape.ac\/en\/wp-json\/wp\/v2\/types\/page"}],"author":[{"embeddable":true,"href":"https:\/\/vape.ac\/en\/wp-json\/wp\/v2\/users\/1"}],"replies":[{"embeddable":true,"href":"https:\/\/vape.ac\/en\/wp-json\/wp\/v2\/comments?post=19393"}],"version-history":[{"count":0,"href":"https:\/\/vape.ac\/en\/wp-json\/wp\/v2\/pages\/19393\/revisions"}],"wp:attachment":[{"href":"https:\/\/vape.ac\/en\/wp-json\/wp\/v2\/media?parent=19393"}],"curies":[{"name":"wp","href":"https:\/\/api.w.org\/{rel}","templated":true}]}}