{"id":19393,"date":"2025-09-20T11:53:16","date_gmt":"2025-09-20T09:53:16","guid":{"rendered":"https:\/\/puff9k.com\/?page_id=19393"},"modified":"2025-09-20T11:53:17","modified_gmt":"2025-09-20T09:53:17","slug":"politica-de-envios","status":"publish","type":"page","link":"https:\/\/vape.ac\/es\/politique-dexpedition\/","title":{"rendered":"Pol\u00edtica de env\u00edos"},"content":{"rendered":"<p><strong>Pol\u00edtica de env\u00edos<\/strong><\/p>\n\n\n\n<p>1. Los pedidos se tramitan y env\u00edan en un plazo de 1 a 3 d\u00edas laborables. Los plazos de env\u00edo suelen ser de entre 7 y 15 d\u00edas laborables. Tenga en cuenta que no enviamos pedidos los fines de semana.<\/p>\n\n\n\n<p>2. Una vez enviado su pedido, le enviaremos por correo electr\u00f3nico la informaci\u00f3n de seguimiento. Puede realizar el seguimiento de su env\u00edo utilizando el n\u00famero de seguimiento proporcionado en el siguiente sitio web:<\/p>\n\n\n\n<figure class=\"wp-block-embed\"><div class=\"wp-block-embed__wrapper\">\nhttps:\/\/www.17track.net\/en\n<\/div><\/figure>\n\n\n\n<p>Por favor, espere de 1 a 2 d\u00edas despu\u00e9s del env\u00edo para que las actualizaciones de seguimiento aparezcan en el sitio web.<\/p>\n\n\n\n<p>3. Puede anular un pedido o cambiar la direcci\u00f3n de entrega en cualquier momento antes de que se env\u00ede la mercanc\u00eda. No obstante, una vez enviado el pedido, no podremos efectuar reembolsos ni cambios de direcci\u00f3n.<\/p>\n\n\n\n<p>4.pa\u00edses a los que podemos realizar env\u00edos&nbsp;<strong>DDP<\/strong>&nbsp;(<strong>Derechos de aduana pagados<\/strong>) El m\u00e9todo significa que no tiene que pasar por la aduana y que no tiene que pagar derechos de aduana.<\/p>\n\n\n\n<ul class=\"wp-block-list\">\n<li>Estados Unidos - UPS Express (excepto Alaska y Hawai)<\/li>\n\n\n\n<li>Reino Unido - Local DPD Express<\/li>\n\n\n\n<li>Europa - UPS Express\/ DPD Express\/ DHL Express<\/li>\n<\/ul>\n\n\n\n<p>Lista de pa\u00edses DDP Europa: Alemania, B\u00e9lgica, Luxemburgo, Pa\u00edses Bajos, Rep\u00fablica Checa, Polonia, Croacia, Eslovaquia, Eslovenia, Finlandia, Dinamarca, Suecia, Austria, Francia, Italia, Hungr\u00eda, Bulgaria, Lituania, Estonia, Letonia, Grecia, Irlanda, Portugal y Espa\u00f1a.<\/p>","protected":false},"excerpt":{"rendered":"<p>Politique d&rsquo;exp\u00e9dition 1. Les commandes sont trait\u00e9es et exp\u00e9di\u00e9es dans un d\u00e9lai de 1 \u00e0 3 jours ouvrables. Les d\u00e9lais d&rsquo;exp\u00e9dition sont g\u00e9n\u00e9ralement compris entre 7 et 15 jours ouvrables. Veuillez noter que nous n&rsquo;exp\u00e9dions pas les commandes le week-end. 2. Une fois votre commande exp\u00e9di\u00e9e, nous vous enverrons par courrier \u00e9lectronique les informations de [&hellip;]<\/p>\n","protected":false},"author":1,"featured_media":0,"parent":0,"menu_order":0,"comment_status":"closed","ping_status":"closed","template":"","meta":{"footnotes":""},"class_list":["post-19393","page","type-page","status-publish","hentry"],"_links":{"self":[{"href":"https:\/\/vape.ac\/es\/wp-json\/wp\/v2\/pages\/19393","targetHints":{"allow":["GET"]}}],"collection":[{"href":"https:\/\/vape.ac\/es\/wp-json\/wp\/v2\/pages"}],"about":[{"href":"https:\/\/vape.ac\/es\/wp-json\/wp\/v2\/types\/page"}],"author":[{"embeddable":true,"href":"https:\/\/vape.ac\/es\/wp-json\/wp\/v2\/users\/1"}],"replies":[{"embeddable":true,"href":"https:\/\/vape.ac\/es\/wp-json\/wp\/v2\/comments?post=19393"}],"version-history":[{"count":0,"href":"https:\/\/vape.ac\/es\/wp-json\/wp\/v2\/pages\/19393\/revisions"}],"wp:attachment":[{"href":"https:\/\/vape.ac\/es\/wp-json\/wp\/v2\/media?parent=19393"}],"curies":[{"name":"wp","href":"https:\/\/api.w.org\/{rel}","templated":true}]}}