{"id":19395,"date":"2025-09-20T11:55:08","date_gmt":"2025-09-20T09:55:08","guid":{"rendered":"https:\/\/puff9k.com\/?page_id=19395"},"modified":"2026-03-13T03:12:04","modified_gmt":"2026-03-13T02:12:04","slug":"politica-de-reembolsos-y-devoluciones","status":"publish","type":"page","link":"https:\/\/vape.ac\/es\/politique-de-remboursement-et-de-retour\/","title":{"rendered":"Pol\u00edtica de devoluciones y reembolsos"},"content":{"rendered":"<h2 class=\"wp-block-heading\" id=\"h-politique-de-remboursement-de-puff9k\">Pol\u00edtica de reembolsos de Puff9k<\/h2>\n\n\n\n<p><strong>Pol\u00edtica de devoluci\u00f3n de 7 d\u00edas<\/strong><\/p>\n\n\n\n<p>En Puff9k Vape, nos complace ofrecer una pol\u00edtica de devoluciones de 7 d\u00edas. Esto significa que, a partir del d\u00eda en que reciba su art\u00edculo, dispone de siete d\u00edas para solicitar la devoluci\u00f3n si no est\u00e1 satisfecho con su compra.<\/p>\n\n\n\n<p><strong>Derecho a regresar<\/strong><\/p>\n\n\n\n<p>Para poder realizar una devoluci\u00f3n, el art\u00edculo debe estar en las mismas condiciones en que lo recibi\u00f3: sin usar, con las etiquetas puestas y en su embalaje original. Aseg\u00farese de tener su recibo o comprobante de compra para facilitar el proceso de devoluci\u00f3n.<\/p>\n\n\n\n<p><strong>C\u00f3mo volver a empezar<\/strong><\/p>\n\n\n\n<p>Si desea realizar una devoluci\u00f3n, cont\u00e1ctenos a info@puff9k.com. Una vez aprobada su devoluci\u00f3n, le proporcionaremos una etiqueta de env\u00edo prepagada e instrucciones para el env\u00edo. No se aceptar\u00e1n devoluciones sin autorizaci\u00f3n previa; por favor, cont\u00e1ctenos.<\/p>\n\n\n\n<p><strong>Notificaci\u00f3n de da\u00f1os y problemas<\/strong><\/p>\n\n\n\n<p>Le animamos a que inspeccione su pedido en cuanto llegue. Si descubre que su art\u00edculo est\u00e1 da\u00f1ado, defectuoso o es incorrecto, p\u00f3ngase en contacto con nosotros inmediatamente para que podamos resolver el problema r\u00e1pidamente.<\/p>\n\n\n\n<p><strong>Art\u00edculos no aptos para devoluci\u00f3n<\/strong><\/p>\n\n\n\n<p>Algunos productos no pueden devolverse, incluidos los productos perecederos, los art\u00edculos a medida, los art\u00edculos de cuidado personal, los materiales peligrosos y los l\u00edquidos o gases inflamables. Si no est\u00e1 seguro de la idoneidad de un art\u00edculo concreto, p\u00f3ngase en contacto con nosotros para que se lo aclaremos.<\/p>\n\n\n\n<p><strong>Proceso de intercambio<\/strong><\/p>\n\n\n\n<p>Para realizar un cambio, le recomendamos devolver primero el art\u00edculo original. Una vez aprobada la devoluci\u00f3n, puede realizar un pedido aparte del nuevo art\u00edculo para garantizar una tramitaci\u00f3n r\u00e1pida.<\/p>\n\n\n\n<p><strong>Periodo de reflexi\u00f3n de 14 d\u00edas para los clientes de la UE<\/strong><\/p>\n\n\n\n<p>Para los clientes de la Uni\u00f3n Europea, ofrecemos un periodo de reflexi\u00f3n de 14 d\u00edas. Esto significa que puede cancelar o devolver su pedido en un plazo de 14 d\u00edas a partir de la fecha de recepci\u00f3n, sin indicar el motivo. Los art\u00edculos deben estar en su estado original, sin usar, con las etiquetas puestas y en su embalaje original. Tambi\u00e9n se requerir\u00e1 un recibo o prueba de compra.<\/p>\n\n\n\n<p><strong>Proceso de devoluci\u00f3n<\/strong><\/p>\n\n\n\n<p>Tras recibir e inspeccionar su devoluci\u00f3n, le notificaremos si su reembolso ha sido aprobado. Si se aprueba, procesaremos el reembolso a su m\u00e9todo de pago original en un plazo de 10 d\u00edas h\u00e1biles. Tenga en cuenta que su banco o proveedor de tarjeta de cr\u00e9dito podr\u00eda necesitar m\u00e1s tiempo para procesar el reembolso. Si no ha recibido su reembolso en un plazo de 15 d\u00edas h\u00e1biles desde su aprobaci\u00f3n, p\u00f3ngase en contacto con nosotros en info@puff9k.com.<\/p>\n\n\n\n<p><strong>Gracias por elegir PUFF9K. Su satisfacci\u00f3n sigue siendo nuestra m\u00e1xima prioridad.<\/strong><\/p>","protected":false},"excerpt":{"rendered":"<p>Politique de remboursement de Puff9k Politique de retour de 7 jours Chez Puff9k Vape, nous sommes heureux de proposer une politique de retour de 7 jours. Cela signifie qu&rsquo;\u00e0 compter du jour o\u00f9 vous recevez votre article, vous disposez de sept jours pour lancer une demande de retour si vous n&rsquo;\u00eates pas satisfait de votre [&hellip;]<\/p>\n","protected":false},"author":1,"featured_media":0,"parent":0,"menu_order":0,"comment_status":"closed","ping_status":"closed","template":"","meta":{"footnotes":""},"class_list":["post-19395","page","type-page","status-publish","hentry"],"_links":{"self":[{"href":"https:\/\/vape.ac\/es\/wp-json\/wp\/v2\/pages\/19395","targetHints":{"allow":["GET"]}}],"collection":[{"href":"https:\/\/vape.ac\/es\/wp-json\/wp\/v2\/pages"}],"about":[{"href":"https:\/\/vape.ac\/es\/wp-json\/wp\/v2\/types\/page"}],"author":[{"embeddable":true,"href":"https:\/\/vape.ac\/es\/wp-json\/wp\/v2\/users\/1"}],"replies":[{"embeddable":true,"href":"https:\/\/vape.ac\/es\/wp-json\/wp\/v2\/comments?post=19395"}],"version-history":[{"count":0,"href":"https:\/\/vape.ac\/es\/wp-json\/wp\/v2\/pages\/19395\/revisions"}],"wp:attachment":[{"href":"https:\/\/vape.ac\/es\/wp-json\/wp\/v2\/media?parent=19395"}],"curies":[{"name":"wp","href":"https:\/\/api.w.org\/{rel}","templated":true}]}}