{"id":19397,"date":"2025-09-20T11:57:35","date_gmt":"2025-09-20T09:57:35","guid":{"rendered":"https:\/\/puff9k.com\/?page_id=19397"},"modified":"2025-09-20T11:57:36","modified_gmt":"2025-09-20T09:57:36","slug":"condiciones-generales-de-utilizacion","status":"publish","type":"page","link":"https:\/\/vape.ac\/es\/conditions-generales-dutilisation\/","title":{"rendered":"Condiciones de uso"},"content":{"rendered":"<p>Bienvenido a\u00a0<strong>PUff9k<\/strong>\u00a1! Lea atentamente estas condiciones antes de utilizar nuestro sitio web. Al acceder y utilizar nuestro sitio web, usted acepta quedar vinculado por los t\u00e9rminos y condiciones aqu\u00ed descritos y por todas las leyes aplicables. Si no est\u00e1 de acuerdo con estos t\u00e9rminos y condiciones, le rogamos que deje de utilizar nuestro sitio web. Al realizar una compra, usted acepta estos t\u00e9rminos y condiciones y nuestras pol\u00edticas de env\u00edo, devoluciones y garant\u00eda.<\/p>\n\n\n\n<p><strong>Pedidos internacionales<\/strong><\/p>\n\n\n\n<p><strong>PUff9k<\/strong> opera en todo el mundo desde su sede en Hong Kong. Los clientes de fuera de Hong Kong se consideran clientes internacionales. Antes de realizar un pedido, aseg\u00farese de conocer la normativa de su pa\u00eds en materia de propiedad, importaci\u00f3n y uso de productos de vapeo. Algunos pa\u00edses pueden tener pol\u00edticas adicionales especificadas en nuestras pol\u00edticas de env\u00edo, devoluciones y garant\u00eda.<\/p>\n\n\n\n<p><strong>Copyright<\/strong><\/p>\n\n\n\n<p>Todo el contenido de este sitio, incluidos textos, gr\u00e1ficos y c\u00f3digos, est\u00e1 protegido por las leyes de propiedad intelectual como obra colectiva propiedad de <strong>PUff9k<\/strong>. Derechos de autor 2022, AiviouVape. Todos los derechos reservados. Puede copiar electr\u00f3nicamente e imprimir partes de este sitio con el fin de realizar un pedido o comprar productos AiviouVape. Cualquier otro uso, incluyendo la reproducci\u00f3n, distribuci\u00f3n o transmisi\u00f3n del contenido del sitio, est\u00e1 prohibido, a menos que est\u00e9 autorizado por AiviouVape Inc.<\/p>\n\n\n\n<p><strong>Marcas<\/strong><\/p>\n\n\n\n<p>Todas las marcas comerciales, marcas de servicio y nombres comerciales que aparecen en nuestro sitio son propiedad de<strong>PUff9k<\/strong>.<\/p>\n\n\n\n<p><strong>Exclusiones de garant\u00eda<\/strong><\/p>\n\n\n\n<p>Nuestro sitio web y todos los materiales y productos se proporcionan \"tal cual\", sin garant\u00eda de ning\u00fan tipo, ni expresa ni impl\u00edcita. <strong>PUff9k<\/strong> renuncia a todas las garant\u00edas, incluidas, entre otras, las de comerciabilidad, idoneidad para un fin determinado y no infracci\u00f3n. No garantizamos que las funciones contenidas en el sitio sean ininterrumpidas o est\u00e9n libres de errores, que los defectos sean corregidos o que el sitio est\u00e9 libre de virus u otros componentes da\u00f1inos. No garantizamos la exactitud, integridad o fiabilidad de los contenidos proporcionados.<\/p>\n\n\n\n<p><strong>Limitaci\u00f3n de responsabilidad<\/strong><\/p>\n\n\n\n<p><strong>PUff9k<\/strong> no ser\u00e1 responsable de ning\u00fan da\u00f1o especial o consecuente que resulte del uso o de la imposibilidad de uso de los materiales de este sitio o del rendimiento de los productos, incluso si se avisa de la posibilidad de tales da\u00f1os. Algunas jurisdicciones no permiten la exclusi\u00f3n o limitaci\u00f3n de responsabilidad por da\u00f1os consecuenciales o incidentales, por lo que es posible que estas limitaciones no se apliquen en su caso.<\/p>\n\n\n\n<p><strong>Cese de actividad<\/strong><\/p>\n\n\n\n<p>Estas condiciones se aplican a todos los usuarios cuando acceden al sitio, se registran o realizan una compra. <strong>PUff9k<\/strong> se reserva el derecho de rescindir estos t\u00e9rminos y condiciones, en su totalidad o en parte, en cualquier momento y sin previo aviso. Las disposiciones relativas a derechos de autor, marcas registradas, exenci\u00f3n de responsabilidad, limitaci\u00f3n de responsabilidad, indemnizaci\u00f3n y varios seguir\u00e1n vigentes tras la rescisi\u00f3n.<\/p>\n\n\n\n<p><strong>Opini\u00f3n<\/strong><\/p>\n\n\n\n<p><strong>PUff9k<\/strong> podr\u00e1 enviarle avisos por correo electr\u00f3nico, avisos generales en el sitio web u otros m\u00e9todos fiables utilizando la informaci\u00f3n de contacto que nos haya facilitado.<\/p>\n\n\n\n<p><strong>Varios<\/strong><\/p>\n\n\n\n<p>Las presentes Condiciones se regir\u00e1n por la legislaci\u00f3n de Hong Kong, sin tener en cuenta sus principios sobre conflicto de leyes. Cualquier litigio derivado de las presentes Condiciones se resolver\u00e1 ante los tribunales de Hong Kong. Las reclamaciones deber\u00e1n presentarse en el plazo de un a\u00f1o desde que se produzcan. La decisi\u00f3n de<strong>PUff9k<\/strong> la no aplicaci\u00f3n de cualquier parte de estas condiciones no constituir\u00e1 una renuncia a ninguno de sus derechos. Podemos ceder nuestros derechos y obligaciones en virtud de estas condiciones sin previo aviso.<\/p>\n\n\n\n<p><strong>Uso del sitio<\/strong><\/p>\n\n\n\n<p>Se proh\u00edbe el acoso o el comportamiento inapropiado en el sitio. Los usuarios no pueden cargar contenidos censurables ni solicitar a otros servicios comerciales. <strong>PUff9k<\/strong> se reserva el derecho de bloquear o eliminar cualquier contenido que infrinja estas condiciones.<\/p>\n\n\n\n<p><strong>Descargo de responsabilidad<\/strong><\/p>\n\n\n\n<p><strong>PUff9k<\/strong> no se hace responsable de los contenidos generados por los usuarios en el sitio web. Actuamos \u00fanicamente como plataforma de distribuci\u00f3n y nos reservamos el derecho a eliminar cualquier contenido objetable si lo consideramos necesario.<\/p>\n\n\n\n<p><strong>Utilizaci\u00f3n de productos<\/strong><\/p>\n\n\n\n<p><strong>PUff9k<\/strong> no garantiza la eficacia del producto para ning\u00fan fin espec\u00edfico. Todos los productos se utilizan por cuenta y riesgo del comprador. Los productos de nicotina est\u00e1n destinados exclusivamente a adultos. Consulte a un profesional sanitario antes de utilizar productos de nicotina.<\/p>\n\n\n\n<p><strong>Compensaci\u00f3n<\/strong><\/p>\n\n\n\n<p>Al utilizar nuestro sitio web, usted acepta indemnizar a <strong>PUff9k<\/strong> y sus proveedores de servicios contra todas las p\u00e9rdidas, da\u00f1os, costes y gastos derivados de cualquier infracci\u00f3n de estas condiciones o de actividades relacionadas en su cuenta.<\/p>\n\n\n\n<p><strong>Enlaces con terceros<\/strong><\/p>\n\n\n\n<p><strong>PUff9k<\/strong> puede proporcionar enlaces a sitios externos para comodidad del usuario. No controlamos estos sitios y no somos responsables de su contenido o pr\u00e1cticas.<\/p>\n\n\n\n<p><strong>Exenci\u00f3n de responsabilidad<\/strong><\/p>\n\n\n\n<p>Algunos productos pueden estar sujetos a advertencias espec\u00edficas relativas a la posibilidad de devoluci\u00f3n o cambio. Por favor, revise todas las advertencias espec\u00edficas del producto antes de la compra. Al aceptar nuestros t\u00e9rminos y condiciones en el momento de la compra, reconoce que comprende todas las advertencias aplicables.<\/p>\n\n\n\n<p>Gracias por elegir\u00a0<strong><strong>PUff9k<\/strong><\/strong> !<\/p>","protected":false},"excerpt":{"rendered":"<p>Bienvenue \u00e0\u00a0PUff9k! Veuillez lire attentivement ces conditions g\u00e9n\u00e9rales avant d&rsquo;utiliser notre site Web. En acc\u00e9dant \u00e0 notre site et en l&rsquo;utilisant, vous acceptez de vous conformer aux conditions d\u00e9crites ici, ainsi qu&rsquo;\u00e0 toutes les lois applicables. Si vous n&rsquo;\u00eates pas d&rsquo;accord avec ces conditions, veuillez cesser d&rsquo;utiliser notre site Web. En effectuant un achat, vous [&hellip;]<\/p>\n","protected":false},"author":1,"featured_media":0,"parent":0,"menu_order":0,"comment_status":"closed","ping_status":"closed","template":"","meta":{"footnotes":""},"class_list":["post-19397","page","type-page","status-publish","hentry"],"_links":{"self":[{"href":"https:\/\/vape.ac\/es\/wp-json\/wp\/v2\/pages\/19397","targetHints":{"allow":["GET"]}}],"collection":[{"href":"https:\/\/vape.ac\/es\/wp-json\/wp\/v2\/pages"}],"about":[{"href":"https:\/\/vape.ac\/es\/wp-json\/wp\/v2\/types\/page"}],"author":[{"embeddable":true,"href":"https:\/\/vape.ac\/es\/wp-json\/wp\/v2\/users\/1"}],"replies":[{"embeddable":true,"href":"https:\/\/vape.ac\/es\/wp-json\/wp\/v2\/comments?post=19397"}],"version-history":[{"count":0,"href":"https:\/\/vape.ac\/es\/wp-json\/wp\/v2\/pages\/19397\/revisions"}],"wp:attachment":[{"href":"https:\/\/vape.ac\/es\/wp-json\/wp\/v2\/media?parent=19397"}],"curies":[{"name":"wp","href":"https:\/\/api.w.org\/{rel}","templated":true}]}}