{"id":19399,"date":"2025-09-20T12:00:55","date_gmt":"2025-09-20T10:00:55","guid":{"rendered":"https:\/\/puff9k.com\/?page_id=19399"},"modified":"2025-09-20T12:00:56","modified_gmt":"2025-09-20T10:00:56","slug":"politica-de-cambio","status":"publish","type":"page","link":"https:\/\/vape.ac\/es\/politique-de-lage\/","title":{"rendered":"Pol\u00edtica de edad"},"content":{"rendered":"<p>Verificaci\u00f3n de edad en Puff9k<\/p>\n\n\n\n<p>**Todos los clientes deben tener 21 a\u00f1os de edad o m\u00e1s para comprar productos en nuestro sitio, de acuerdo con la edad legal para fumar en los Estados Unidos para los cigarrillos electr\u00f3nicos y art\u00edculos relacionados. Visite Puff9k para realizar compras conformes y responsables.<\/p>\n\n\n\n<p>**La falsificaci\u00f3n de datos sobre la edad para adquirir nuestros productos no s\u00f3lo es contraria a nuestra pol\u00edtica, sino tambi\u00e9n ilegal. Tales acciones pueden acarrear graves consecuencias legales.<\/p>\n\n\n\n<p>**Prohibici\u00f3n de compras por poderes para menores:** Comprar todo\u00a0<a href=\"https:\/\/puff9k.com\/\">productos vaping<\/a>\u00a0El uso de nuestros productos por parte de menores est\u00e1 estrictamente prohibido y puede acarrear sanciones penales. Nos comprometemos a impedir cualquier acceso no autorizado a nuestros productos.<\/p>\n\n\n\n<p>**Para cumplir los requisitos legales y proteger a los j\u00f3venes, utilizamos un riguroso sistema de verificaci\u00f3n de la edad. Los clientes deben facilitar informaci\u00f3n personal (nombre, direcci\u00f3n, fecha de nacimiento y los cuatro \u00faltimos d\u00edgitos de su n\u00famero de la Seguridad Social) que cotejamos con los registros p\u00fablicos. Si la verificaci\u00f3n no tiene \u00e9xito o si no puede facilitar sus datos de seguridad social, podemos solicitarle un documento de identidad emitido por el gobierno.<\/p>\n\n\n\n<p>**Derecho a rechazar el servicio:** Nos reservamos el derecho a cancelar o rechazar pedidos si la verificaci\u00f3n no se completa con \u00e9xito o no se proporciona la identificaci\u00f3n adecuada de manera oportuna.<\/p>\n\n\n\n<p>**Dedicaci\u00f3n a la prevenci\u00f3n juvenil:** Evitar la venta a menores es una de nuestras mayores prioridades. Nuestro sistema de verificaci\u00f3n de la edad subraya nuestro compromiso de mantener un entorno de fumadores responsables.<\/p>\n\n\n\n<p>**Rechazo o limitaci\u00f3n del servicio:** Como minorista en l\u00ednea, nos reservamos el derecho a rechazar el servicio en determinadas circunstancias. Si un cliente considera que su acceso ha sido injustamente restringido, se le anima a ponerse en contacto con nuestro departamento de atenci\u00f3n al cliente para obtener ayuda.<\/p>\n\n\n\n<p>**Aviso de restricci\u00f3n de edad:** El sitio web de Aiviou Vape tiene un claro descargo de responsabilidad que describe el requisito de que los clientes de EE.UU. deben tener al menos 21 a\u00f1os de edad para comprar productos de cigarrillos electr\u00f3nicos.<\/p>\n\n\n\n<p>Visite\u00a0<a href=\"https:\/\/puff9k.com\/\">Puff9k<\/a> , Damos prioridad a la seguridad y el bienestar de nuestros clientes mediante una rigurosa verificaci\u00f3n de la edad. Nuestras medidas reflejan nuestra dedicaci\u00f3n a una comunidad de vapeadores segura y respetuosa con la normativa, lo que ofrece a los clientes tranquilidad a la hora de comprar con nosotros.<\/p>\n\n\n\n<p>El compromiso de nuestra empresa de garantizar que s\u00f3lo las personas legalmente autorizadas puedan adquirir nuestros productos refuerza la importancia de las pr\u00e1cticas de vapeo responsables. Reconocemos que la verificaci\u00f3n efectiva de la edad es esencial para evitar el acceso de menores, y contamos con un sistema integral para cumplir con esta responsabilidad.<\/p>\n\n\n\n<p>Nuestro proceso requiere informaci\u00f3n espec\u00edfica (nombre, direcci\u00f3n, fecha de nacimiento y los cuatro \u00faltimos d\u00edgitos del n\u00famero de la seguridad social) que validamos con registros fiables para confirmar la edad. Si un cliente no puede facilitar sus datos de la seguridad social, le ofrecemos la opci\u00f3n de cargar un documento de identidad oficial como medida de verificaci\u00f3n adicional.<\/p>\n\n\n\n<p>**Consecuencias de falsear la edad:** falsear la edad al comprar nuestros productos es ilegal y tiene graves repercusiones legales. Adem\u00e1s, la compra para menores est\u00e1 estrictamente prohibida y tambi\u00e9n est\u00e1 penada por la ley. Nos tomamos muy en serio estas normas y podemos rechazar cualquier pedido si no se puede verificar r\u00e1pidamente la identificaci\u00f3n.<\/p>\n\n\n\n<p>Aiviou Vape se compromete a prevenir las ventas a menores. Nuestro protocolo de verificaci\u00f3n de edad est\u00e1 en el coraz\u00f3n de nuestra misi\u00f3n de promover las compras responsables y seguras dentro de la comunidad vaping.<\/p>\n\n\n\n<p>Si un cliente experimenta una restricci\u00f3n del servicio que considera un error, puede ponerse en contacto con nuestro equipo de atenci\u00f3n al cliente. Valoramos la comunicaci\u00f3n abierta y nos esforzamos por resolver cualquier problema de forma justa.<\/p>\n\n\n\n<p>Nuestro sitio muestra de forma destacada una advertencia sobre la edad requerida para comprar cigarrillos electr\u00f3nicos, recordando a todos los usuarios el requisito legal de tener 21 a\u00f1os en Estados Unidos.<\/p>\n\n\n\n<p>Elegir Aiviou Vape significa seleccionar una empresa que valora la integridad, el cumplimiento legal y la seguridad del cliente. Nuestro compromiso con las pol\u00edticas de edad responsable no es s\u00f3lo de procedimiento; es un reflejo fundamental de nuestros valores y dedicaci\u00f3n a la creaci\u00f3n de una experiencia de compra segura y digna de confianza. Conf\u00ede en Aiviou Vape para un acceso seguro y responsable a productos vaping de calidad.<\/p>","protected":false},"excerpt":{"rendered":"<p>V\u00e9rification de l&rsquo;\u00e2ge \u00e0\u00a0Puff9k **\u00c2ge l\u00e9gal requis pour fumer\u00a0:** Tous les clients doivent \u00eatre \u00e2g\u00e9s de 21 ans ou plus pour acheter des produits sur notre site, conform\u00e9ment \u00e0 l&rsquo;\u00e2ge l\u00e9gal pour fumer aux \u00c9tats-Unis pour les cigarettes \u00e9lectroniques et les articles connexes. Visitez\u00a0Puff9k pour des achats conformes et responsables. **Importance d&rsquo;une repr\u00e9sentation pr\u00e9cise de [&hellip;]<\/p>\n","protected":false},"author":1,"featured_media":0,"parent":0,"menu_order":0,"comment_status":"closed","ping_status":"closed","template":"","meta":{"footnotes":""},"class_list":["post-19399","page","type-page","status-publish","hentry"],"_links":{"self":[{"href":"https:\/\/vape.ac\/es\/wp-json\/wp\/v2\/pages\/19399","targetHints":{"allow":["GET"]}}],"collection":[{"href":"https:\/\/vape.ac\/es\/wp-json\/wp\/v2\/pages"}],"about":[{"href":"https:\/\/vape.ac\/es\/wp-json\/wp\/v2\/types\/page"}],"author":[{"embeddable":true,"href":"https:\/\/vape.ac\/es\/wp-json\/wp\/v2\/users\/1"}],"replies":[{"embeddable":true,"href":"https:\/\/vape.ac\/es\/wp-json\/wp\/v2\/comments?post=19399"}],"version-history":[{"count":0,"href":"https:\/\/vape.ac\/es\/wp-json\/wp\/v2\/pages\/19399\/revisions"}],"wp:attachment":[{"href":"https:\/\/vape.ac\/es\/wp-json\/wp\/v2\/media?parent=19399"}],"curies":[{"name":"wp","href":"https:\/\/api.w.org\/{rel}","templated":true}]}}