{"id":19393,"date":"2025-09-20T11:53:16","date_gmt":"2025-09-20T09:53:16","guid":{"rendered":"https:\/\/puff9k.com\/?page_id=19393"},"modified":"2025-09-20T11:53:17","modified_gmt":"2025-09-20T09:53:17","slug":"politica-di-spedizione","status":"publish","type":"page","link":"https:\/\/vape.ac\/it\/politique-dexpedition\/","title":{"rendered":"Politica di spedizione"},"content":{"rendered":"<p><strong>Politica di spedizione<\/strong><\/p>\n\n\n\n<p>1. Gli ordini vengono elaborati e spediti entro 1-3 giorni lavorativi. I tempi di spedizione sono solitamente compresi tra 7 e 15 giorni lavorativi. Si prega di notare che non spediamo gli ordini nei fine settimana.<\/p>\n\n\n\n<p>2. Una volta spedito l'ordine, vi invieremo via e-mail le informazioni di tracciamento. \u00c8 possibile seguire la spedizione utilizzando il numero di tracking fornito sul seguente sito web:<\/p>\n\n\n\n<figure class=\"wp-block-embed\"><div class=\"wp-block-embed__wrapper\">\nhttps:\/\/www.17track.net\/en\n<\/div><\/figure>\n\n\n\n<p>Si prega di attendere da 1 a 2 giorni dopo la spedizione affinch\u00e9 gli aggiornamenti sulla tracciabilit\u00e0 appaiano sul sito web.<\/p>\n\n\n\n<p>3. \u00c8 possibile annullare un ordine o modificare l'indirizzo di consegna in qualsiasi momento prima della spedizione della merce. Tuttavia, una volta che l'ordine \u00e8 stato spedito, non possiamo emettere rimborsi o modificare gli indirizzi.<\/p>\n\n\n\n<p>4.i paesi in cui possiamo spedire&nbsp;<strong>DDP<\/strong>&nbsp;(<strong>Dazi doganali pagati<\/strong>) Questo metodo significa che non dovete sdoganarvi e non ci sono dazi doganali da pagare.<\/p>\n\n\n\n<ul class=\"wp-block-list\">\n<li>Stati Uniti - UPS Express (tranne Alaska e Hawaii)<\/li>\n\n\n\n<li>Regno Unito - Locale DPD Express<\/li>\n\n\n\n<li>Europa - UPS Express\/ DPD Express\/ DHL Express<\/li>\n<\/ul>\n\n\n\n<p>Elenco dei Paesi del DDP Europa: Germania, Belgio, Lussemburgo, Paesi Bassi, Repubblica Ceca, Polonia, Croazia, Slovacchia, Slovenia, Finlandia, Danimarca, Svezia, Austria, Francia, Italia, Ungheria, Bulgaria, Lituania, Estonia, Lettonia, Grecia, Irlanda, Portogallo, Spagna.<\/p>","protected":false},"excerpt":{"rendered":"<p>Politique d&rsquo;exp\u00e9dition 1. Les commandes sont trait\u00e9es et exp\u00e9di\u00e9es dans un d\u00e9lai de 1 \u00e0 3 jours ouvrables. Les d\u00e9lais d&rsquo;exp\u00e9dition sont g\u00e9n\u00e9ralement compris entre 7 et 15 jours ouvrables. Veuillez noter que nous n&rsquo;exp\u00e9dions pas les commandes le week-end. 2. Une fois votre commande exp\u00e9di\u00e9e, nous vous enverrons par courrier \u00e9lectronique les informations de [&hellip;]<\/p>\n","protected":false},"author":1,"featured_media":0,"parent":0,"menu_order":0,"comment_status":"closed","ping_status":"closed","template":"","meta":{"footnotes":""},"class_list":["post-19393","page","type-page","status-publish","hentry"],"_links":{"self":[{"href":"https:\/\/vape.ac\/it\/wp-json\/wp\/v2\/pages\/19393","targetHints":{"allow":["GET"]}}],"collection":[{"href":"https:\/\/vape.ac\/it\/wp-json\/wp\/v2\/pages"}],"about":[{"href":"https:\/\/vape.ac\/it\/wp-json\/wp\/v2\/types\/page"}],"author":[{"embeddable":true,"href":"https:\/\/vape.ac\/it\/wp-json\/wp\/v2\/users\/1"}],"replies":[{"embeddable":true,"href":"https:\/\/vape.ac\/it\/wp-json\/wp\/v2\/comments?post=19393"}],"version-history":[{"count":0,"href":"https:\/\/vape.ac\/it\/wp-json\/wp\/v2\/pages\/19393\/revisions"}],"wp:attachment":[{"href":"https:\/\/vape.ac\/it\/wp-json\/wp\/v2\/media?parent=19393"}],"curies":[{"name":"wp","href":"https:\/\/api.w.org\/{rel}","templated":true}]}}