{"id":19395,"date":"2025-09-20T11:55:08","date_gmt":"2025-09-20T09:55:08","guid":{"rendered":"https:\/\/puff9k.com\/?page_id=19395"},"modified":"2026-03-13T03:12:04","modified_gmt":"2026-03-13T02:12:04","slug":"politica-di-rimborso-e-restituzione","status":"publish","type":"page","link":"https:\/\/vape.ac\/it\/politique-de-remboursement-et-de-retour\/","title":{"rendered":"Politica di rimborso e restituzione"},"content":{"rendered":"<h2 class=\"wp-block-heading\" id=\"h-politique-de-remboursement-de-puff9k\">Politica di rimborso di Puff9k<\/h2>\n\n\n\n<p><strong>Politica di restituzione di 7 giorni<\/strong><\/p>\n\n\n\n<p>Noi di Puff9k Vape siamo lieti di offrire una politica di reso di 7 giorni. Ci\u00f2 significa che, a partire dal giorno in cui ricevi l&#039;articolo, hai sette giorni di tempo per avviare una richiesta di reso se non sei soddisfatto del tuo acquisto.<\/p>\n\n\n\n<p><strong>Idoneit\u00e0 al rientro<\/strong><\/p>\n\n\n\n<p>Per poter effettuare un reso, l&#039;articolo deve essere nelle stesse condizioni in cui lo hai ricevuto: non utilizzato, con le etichette attaccate e nella sua confezione originale. Assicurati di avere la ricevuta o la prova d&#039;acquisto per facilitare la procedura di reso.<\/p>\n\n\n\n<p><strong>Come iniziare un ritorno<\/strong><\/p>\n\n\n\n<p>Se desideri effettuare un reso, contattaci all&#039;indirizzo info@puff9k.com. Una volta approvato il reso, ti forniremo un&#039;etichetta di spedizione prepagata e le istruzioni per la spedizione del pacco. I resi inviati senza previa autorizzazione non saranno accettati; ti preghiamo di contattarci.<\/p>\n\n\n\n<p><strong>Segnalazione di danni e problemi<\/strong><\/p>\n\n\n\n<p>Vi invitiamo a controllare il vostro ordine non appena arriva. Se scoprite che l'articolo \u00e8 danneggiato, difettoso o errato, contattateci immediatamente in modo da risolvere rapidamente il problema.<\/p>\n\n\n\n<p><strong>Articoli non idonei alla restituzione<\/strong><\/p>\n\n\n\n<p>Alcuni prodotti non possono essere restituiti, tra cui prodotti deperibili, articoli su misura, articoli per la cura della persona, materiali pericolosi e liquidi o gas infiammabili. In caso di dubbi sull'idoneit\u00e0 di un articolo specifico, contattateci per avere chiarimenti.<\/p>\n\n\n\n<p><strong>Processo di scambio<\/strong><\/p>\n\n\n\n<p>Per i cambi, consigliamo di restituire prima l&#039;articolo originale. Una volta approvato il reso, \u00e8 possibile effettuare un ordine separato per il nuovo articolo per garantire una rapida elaborazione.<\/p>\n\n\n\n<p><strong>Periodo di riflessione di 14 giorni per i clienti dell'UE<\/strong><\/p>\n\n\n\n<p>Per i clienti dell'Unione Europea, offriamo un periodo di riflessione di 14 giorni. Ci\u00f2 significa che \u00e8 possibile annullare o restituire l'ordine entro 14 giorni dal ricevimento, senza dover fornire una motivazione. Gli articoli devono essere nelle condizioni originali, non utilizzati, con i cartellini attaccati e nella confezione originale. Sar\u00e0 inoltre richiesta una ricevuta o una prova d'acquisto.<\/p>\n\n\n\n<p><strong>Processo di rimborso<\/strong><\/p>\n\n\n\n<p>Dopo aver ricevuto e ispezionato il reso, ti comunicheremo lo stato di approvazione del rimborso. In caso di approvazione, elaboreremo il rimborso sul metodo di pagamento originale entro 10 giorni lavorativi. Tieni presente che la tua banca o l&#039;emittente della carta di credito potrebbero richiedere tempi aggiuntivi per l&#039;elaborazione del rimborso. Se non hai ricevuto il rimborso entro 15 giorni lavorativi dall&#039;approvazione, ti preghiamo di contattarci all&#039;indirizzo info@puff9k.com.<\/p>\n\n\n\n<p><strong>Grazie per aver scelto PUFF9K. La vostra soddisfazione rimane la nostra massima priorit\u00e0.<\/strong><\/p>","protected":false},"excerpt":{"rendered":"<p>Politique de remboursement de Puff9k Politique de retour de 7 jours Chez Puff9k Vape, nous sommes heureux de proposer une politique de retour de 7 jours. Cela signifie qu&rsquo;\u00e0 compter du jour o\u00f9 vous recevez votre article, vous disposez de sept jours pour lancer une demande de retour si vous n&rsquo;\u00eates pas satisfait de votre [&hellip;]<\/p>\n","protected":false},"author":1,"featured_media":0,"parent":0,"menu_order":0,"comment_status":"closed","ping_status":"closed","template":"","meta":{"footnotes":""},"class_list":["post-19395","page","type-page","status-publish","hentry"],"_links":{"self":[{"href":"https:\/\/vape.ac\/it\/wp-json\/wp\/v2\/pages\/19395","targetHints":{"allow":["GET"]}}],"collection":[{"href":"https:\/\/vape.ac\/it\/wp-json\/wp\/v2\/pages"}],"about":[{"href":"https:\/\/vape.ac\/it\/wp-json\/wp\/v2\/types\/page"}],"author":[{"embeddable":true,"href":"https:\/\/vape.ac\/it\/wp-json\/wp\/v2\/users\/1"}],"replies":[{"embeddable":true,"href":"https:\/\/vape.ac\/it\/wp-json\/wp\/v2\/comments?post=19395"}],"version-history":[{"count":0,"href":"https:\/\/vape.ac\/it\/wp-json\/wp\/v2\/pages\/19395\/revisions"}],"wp:attachment":[{"href":"https:\/\/vape.ac\/it\/wp-json\/wp\/v2\/media?parent=19395"}],"curies":[{"name":"wp","href":"https:\/\/api.w.org\/{rel}","templated":true}]}}