{"id":19397,"date":"2025-09-20T11:57:35","date_gmt":"2025-09-20T09:57:35","guid":{"rendered":"https:\/\/puff9k.com\/?page_id=19397"},"modified":"2025-09-20T11:57:36","modified_gmt":"2025-09-20T09:57:36","slug":"condizioni-generali-di-utilizzo","status":"publish","type":"page","link":"https:\/\/vape.ac\/it\/conditions-generales-dutilisation\/","title":{"rendered":"Termini e condizioni d'uso"},"content":{"rendered":"<p>Benvenuti a\u00a0<strong>PUff9k<\/strong>! Si prega di leggere attentamente i termini e le condizioni prima di utilizzare il nostro sito web. Accedendo e utilizzando il nostro sito web, l'utente accetta di essere vincolato dai termini e dalle condizioni qui descritti e da tutte le leggi applicabili. Se non si accettano questi termini e condizioni, si prega di interrompere l'utilizzo del nostro sito web. Effettuando un acquisto, l'utente accetta i presenti termini e condizioni e le nostre politiche di spedizione, restituzione e garanzia.<\/p>\n\n\n\n<p><strong>Ordini internazionali<\/strong><\/p>\n\n\n\n<p><strong>PUff9k<\/strong> opera in tutto il mondo dalla sua sede centrale di Hong Kong. I clienti al di fuori di Hong Kong sono considerati clienti internazionali. Prima di effettuare un ordine, accertarsi di essere a conoscenza delle normative del proprio Paese in materia di propriet\u00e0, importazione e utilizzo di prodotti per il vaping. Alcuni Paesi potrebbero avere politiche aggiuntive specificate nelle nostre politiche di spedizione, restituzione e garanzia.<\/p>\n\n\n\n<p><strong>Copyright<\/strong><\/p>\n\n\n\n<p>Tutti i contenuti di questo sito, inclusi testo, grafica e codice, sono protetti dalle leggi sul copyright come opera collettiva di propriet\u00e0 di <strong>PUff9k<\/strong>. Copyright 2022, AiviouVape. Tutti i diritti riservati. \u00c8 possibile copiare e stampare elettronicamente parti di questo sito allo scopo di effettuare un ordine o acquistare prodotti AiviouVape. Qualsiasi altro uso, compresa la riproduzione, la distribuzione o la trasmissione del contenuto del sito, \u00e8 vietato, a meno che non sia autorizzato da AiviouVape Inc.<\/p>\n\n\n\n<p><strong>Marchi di fabbrica<\/strong><\/p>\n\n\n\n<p>Tutti i marchi di fabbrica, i marchi di servizio e i nomi commerciali presenti sul nostro sito sono di propriet\u00e0 di<strong>PUff9k<\/strong>.<\/p>\n\n\n\n<p><strong>Esclusioni dalla garanzia<\/strong><\/p>\n\n\n\n<p>Il nostro sito web e tutti i materiali e i prodotti sono forniti \"cos\u00ec come sono\" senza garanzie di alcun tipo, n\u00e9 esplicite n\u00e9 implicite. <strong>PUff9k<\/strong> declina tutte le garanzie, incluse, ma non solo, la commerciabilit\u00e0, l'idoneit\u00e0 per uno scopo particolare e la non violazione. Non garantiamo che le funzioni contenute nel sito siano ininterrotte o prive di errori, che i difetti vengano corretti o che il sito sia privo di virus o altri componenti dannosi. Non garantiamo l'accuratezza, la completezza o l'affidabilit\u00e0 dei contenuti forniti.<\/p>\n\n\n\n<p><strong>Limitazione di responsabilit\u00e0<\/strong><\/p>\n\n\n\n<p><strong>PUff9k<\/strong> non sar\u00e0 responsabile di eventuali danni speciali o consequenziali derivanti dall'uso, o dall'impossibilit\u00e0 di usare, i materiali di questo sito o le prestazioni dei prodotti, anche se avvisato della possibilit\u00e0 di tali danni. Alcune giurisdizioni non consentono l'esclusione o la limitazione di responsabilit\u00e0 per danni conseguenti o accidentali, pertanto queste limitazioni potrebbero non essere applicabili.<\/p>\n\n\n\n<p><strong>Cessazione dell'attivit\u00e0<\/strong><\/p>\n\n\n\n<p>Queste condizioni si applicano a tutti gli utenti quando accedono al sito, si registrano o effettuano un acquisto. <strong>PUff9k<\/strong> si riserva il diritto di rescindere i presenti termini e condizioni, in tutto o in parte, in qualsiasi momento e senza preavviso. Le disposizioni relative al copyright, ai marchi commerciali, all'esclusione di responsabilit\u00e0, alla limitazione di responsabilit\u00e0, all'indennizzo e alle clausole varie resteranno valide anche dopo la risoluzione.<\/p>\n\n\n\n<p><strong>Opinione<\/strong><\/p>\n\n\n\n<p><strong>PUff9k<\/strong> pu\u00f2 fornire all'utente avvisi via e-mail, avvisi generali sul sito web o altri metodi affidabili utilizzando le informazioni di contatto fornite dall'utente.<\/p>\n\n\n\n<p><strong>Vari<\/strong><\/p>\n\n\n\n<p>Le presenti Condizioni sono disciplinate dalle leggi di Hong Kong, senza tener conto dei principi di conflitto di leggi. Qualsiasi controversia derivante dai presenti Termini sar\u00e0 risolta davanti ai tribunali di Hong Kong. I reclami devono essere presentati entro un anno dall'insorgenza. La decisione di<strong>PUff9k<\/strong> la mancata applicazione di qualsiasi parte dei presenti termini e condizioni non costituir\u00e0 una rinuncia ad alcuno dei suoi diritti. Possiamo cedere i nostri diritti e obblighi ai sensi delle presenti condizioni senza preavviso all'utente.<\/p>\n\n\n\n<p><strong>Utilizzo del sito<\/strong><\/p>\n\n\n\n<p>Sono vietate le molestie o i comportamenti inappropriati sul sito. Gli utenti non possono caricare contenuti discutibili o sollecitare altri per servizi commerciali. <strong>PUff9k<\/strong> si riserva il diritto di bloccare o rimuovere qualsiasi contenuto che violi queste condizioni.<\/p>\n\n\n\n<p><strong>Esclusione di responsabilit\u00e0 per la partecipazione<\/strong><\/p>\n\n\n\n<p><strong>PUff9k<\/strong> non \u00e8 responsabile dei contenuti generati dagli utenti sul sito web. La societ\u00e0 agisce esclusivamente come piattaforma di distribuzione e si riserva il diritto di rimuovere qualsiasi contenuto discutibile, se ritenuto necessario.<\/p>\n\n\n\n<p><strong>Utilizzo dei prodotti<\/strong><\/p>\n\n\n\n<p><strong>PUff9k<\/strong> non garantisce l'efficacia del prodotto per qualsiasi scopo specifico. Tutti i prodotti sono utilizzati a rischio e pericolo dell'acquirente. I prodotti a base di nicotina sono destinati esclusivamente all'uso da parte di adulti. Prima di utilizzare i prodotti a base di nicotina, consultare un professionista della salute.<\/p>\n\n\n\n<p><strong>Compensazione<\/strong><\/p>\n\n\n\n<p>Utilizzando il nostro sito web, l'utente accetta di indennizzare <strong>PUff9k<\/strong> e i suoi fornitori di servizi contro tutte le perdite, i danni, i costi e le spese derivanti da qualsiasi violazione delle presenti condizioni o da attivit\u00e0 correlate al vostro account.<\/p>\n\n\n\n<p><strong>Collegamenti con terze parti<\/strong><\/p>\n\n\n\n<p><strong>PUff9k<\/strong> pu\u00f2 fornire collegamenti a siti esterni per comodit\u00e0 dell'utente. Non controlliamo questi siti e non siamo responsabili del loro contenuto o delle loro pratiche.<\/p>\n\n\n\n<p><strong>Esclusione di responsabilit\u00e0<\/strong><\/p>\n\n\n\n<p>Alcuni prodotti possono essere soggetti ad avvertenze specifiche per quanto riguarda la restituzione o la sostituzione. Prima dell'acquisto, si prega di leggere tutte le avvertenze specifiche del prodotto. Accettando i nostri termini e condizioni al momento del pagamento, l'utente dichiara di aver compreso tutte le avvertenze applicabili.<\/p>\n\n\n\n<p>Grazie per aver scelto\u00a0<strong><strong>PUff9k<\/strong><\/strong> !<\/p>","protected":false},"excerpt":{"rendered":"<p>Bienvenue \u00e0\u00a0PUff9k! Veuillez lire attentivement ces conditions g\u00e9n\u00e9rales avant d&rsquo;utiliser notre site Web. En acc\u00e9dant \u00e0 notre site et en l&rsquo;utilisant, vous acceptez de vous conformer aux conditions d\u00e9crites ici, ainsi qu&rsquo;\u00e0 toutes les lois applicables. Si vous n&rsquo;\u00eates pas d&rsquo;accord avec ces conditions, veuillez cesser d&rsquo;utiliser notre site Web. En effectuant un achat, vous [&hellip;]<\/p>\n","protected":false},"author":1,"featured_media":0,"parent":0,"menu_order":0,"comment_status":"closed","ping_status":"closed","template":"","meta":{"footnotes":""},"class_list":["post-19397","page","type-page","status-publish","hentry"],"_links":{"self":[{"href":"https:\/\/vape.ac\/it\/wp-json\/wp\/v2\/pages\/19397","targetHints":{"allow":["GET"]}}],"collection":[{"href":"https:\/\/vape.ac\/it\/wp-json\/wp\/v2\/pages"}],"about":[{"href":"https:\/\/vape.ac\/it\/wp-json\/wp\/v2\/types\/page"}],"author":[{"embeddable":true,"href":"https:\/\/vape.ac\/it\/wp-json\/wp\/v2\/users\/1"}],"replies":[{"embeddable":true,"href":"https:\/\/vape.ac\/it\/wp-json\/wp\/v2\/comments?post=19397"}],"version-history":[{"count":0,"href":"https:\/\/vape.ac\/it\/wp-json\/wp\/v2\/pages\/19397\/revisions"}],"wp:attachment":[{"href":"https:\/\/vape.ac\/it\/wp-json\/wp\/v2\/media?parent=19397"}],"curies":[{"name":"wp","href":"https:\/\/api.w.org\/{rel}","templated":true}]}}