{"id":19399,"date":"2025-09-20T12:00:55","date_gmt":"2025-09-20T10:00:55","guid":{"rendered":"https:\/\/puff9k.com\/?page_id=19399"},"modified":"2025-09-20T12:00:56","modified_gmt":"2025-09-20T10:00:56","slug":"politica-di-lage","status":"publish","type":"page","link":"https:\/\/vape.ac\/it\/politique-de-lage\/","title":{"rendered":"Politica dell'et\u00e0"},"content":{"rendered":"<p>Verifica dell'et\u00e0 su Puff9k<\/p>\n\n\n\n<p>**Tutti i clienti devono avere almeno 21 anni per acquistare i prodotti sul nostro sito, in conformit\u00e0 con l'et\u00e0 legale per fumare negli Stati Uniti per le sigarette elettroniche e gli articoli correlati. Visita Puff9k per uno shopping conforme e responsabile.<\/p>\n\n\n\n<p>**L'importanza di un'accurata rappresentazione dell'et\u00e0:** Falsificare le informazioni sull'et\u00e0 per acquistare i nostri prodotti non solo \u00e8 contrario alla nostra politica, ma \u00e8 anche illegale. Tali azioni possono comportare gravi conseguenze legali.<\/p>\n\n\n\n<p>**Divieto di acquisto per delega per i minori:** Comprare tutto\u00a0<a href=\"https:\/\/puff9k.com\/\">prodotti per il vaping<\/a>\u00a0L'utilizzo dei nostri prodotti da parte di minori \u00e8 severamente vietato e pu\u00f2 comportare sanzioni penali. Ci impegniamo a prevenire qualsiasi accesso non autorizzato ai nostri prodotti.<\/p>\n\n\n\n<p>**Per soddisfare i requisiti legali e proteggere i giovani, utilizziamo un rigoroso sistema di verifica dell'et\u00e0. Ai clienti viene richiesto di fornire informazioni personali (nome, indirizzo, data di nascita e le ultime quattro cifre del numero di previdenza sociale) che vengono verificate con i registri pubblici. Se la verifica non ha esito positivo o se il cliente non \u00e8 in grado di fornire i dati di sicurezza sociale, possiamo richiedere un documento di identit\u00e0 rilasciato dal governo.<\/p>\n\n\n\n<p>**Diritto di rifiutare il servizio:** Ci riserviamo il diritto di annullare o rifiutare gli ordini se la verifica non viene completata con successo o se l'identificazione corretta non viene fornita in modo tempestivo.<\/p>\n\n\n\n<p>**Dedizione alla prevenzione dei giovani:** La prevenzione delle vendite ai minori \u00e8 una delle nostre massime priorit\u00e0. Il nostro sistema di verifica dell'et\u00e0 sottolinea il nostro impegno a mantenere un ambiente di fumo responsabile.<\/p>\n\n\n\n<p>**Rifiuto o limitazione del servizio:** In qualit\u00e0 di rivenditore online, ci riserviamo il diritto di rifiutare il servizio in determinate circostanze. Se un cliente ritiene che il suo accesso sia stato ingiustamente limitato, \u00e8 invitato a contattare il nostro servizio clienti per ricevere assistenza.<\/p>\n\n\n\n<p>**Avviso di restrizione dell'et\u00e0:** Il sito web di Aiviou Vape presenta una chiara clausola di esclusione della responsabilit\u00e0 che impone ai clienti statunitensi di avere almeno 21 anni di et\u00e0 per l'acquisto di prodotti per sigarette elettroniche.<\/p>\n\n\n\n<p>Visita\u00a0<a href=\"https:\/\/puff9k.com\/\">Puff9k<\/a> , Diamo priorit\u00e0 alla sicurezza e al benessere dei nostri clienti attraverso una rigorosa verifica dell'et\u00e0. Le nostre misure riflettono la nostra dedizione a una comunit\u00e0 del vaping sicura e conforme alle norme, dando ai clienti la tranquillit\u00e0 di acquistare con noi.<\/p>\n\n\n\n<p>L'impegno della nostra azienda nel garantire che solo le persone legalmente autorizzate possano acquistare i nostri prodotti rafforza l'importanza di pratiche di vaping responsabili. Riconosciamo che un'efficace verifica dell'et\u00e0 \u00e8 essenziale per impedire l'accesso ai minorenni e abbiamo messo in atto un sistema completo per far fronte a questa responsabilit\u00e0.<\/p>\n\n\n\n<p>Il nostro processo richiede informazioni specifiche (nome, indirizzo, data di nascita e le ultime quattro cifre del numero di previdenza nazionale) che convalidiamo con registri affidabili per confermare l'et\u00e0. Se un cliente non \u00e8 in grado di fornire i propri dati di previdenza sociale, offriamo la possibilit\u00e0 di caricare un documento di identit\u00e0 ufficiale come ulteriore misura di verifica.<\/p>\n\n\n\n<p>**Conseguenze della falsa dichiarazione di et\u00e0:** La falsa dichiarazione di et\u00e0 al momento dell'acquisto dei nostri prodotti \u00e8 illegale e ha gravi ripercussioni legali. Inoltre, l'acquisto per i minori \u00e8 severamente vietato e punibile per legge. Prendiamo sul serio queste norme e possiamo rifiutare qualsiasi ordine se l'identificazione non pu\u00f2 essere verificata rapidamente.<\/p>\n\n\n\n<p>Aiviou Vape si impegna a prevenire le vendite ai minori. Il nostro protocollo di verifica dell'et\u00e0 \u00e8 al centro della nostra missione di promuovere acquisti responsabili e sicuri all'interno della comunit\u00e0 del vaping.<\/p>\n\n\n\n<p>Se un cliente riscontra una limitazione del servizio che ritiene essere un errore, pu\u00f2 contattare il nostro team di assistenza clienti. Teniamo molto alla comunicazione aperta e ci impegniamo a risolvere qualsiasi problema in modo equo.<\/p>\n\n\n\n<p>Il nostro sito mostra in modo evidente un'avvertenza sull'et\u00e0 richiesta per l'acquisto di sigarette elettroniche, ricordando a tutti gli utenti l'obbligo legale di avere 21 anni negli Stati Uniti.<\/p>\n\n\n\n<p>Scegliere Aiviou Vape significa scegliere un'azienda che d\u00e0 valore all'integrit\u00e0, alla conformit\u00e0 legale e alla sicurezza dei clienti. Il nostro impegno verso politiche di et\u00e0 responsabile non \u00e8 solo procedurale; \u00e8 un riflesso fondamentale dei nostri valori e della nostra dedizione a creare un'esperienza di acquisto sicura e affidabile. Affidatevi ad Aiviou Vape per un accesso sicuro e responsabile a prodotti di vaping di qualit\u00e0.<\/p>","protected":false},"excerpt":{"rendered":"<p>V\u00e9rification de l&rsquo;\u00e2ge \u00e0\u00a0Puff9k **\u00c2ge l\u00e9gal requis pour fumer\u00a0:** Tous les clients doivent \u00eatre \u00e2g\u00e9s de 21 ans ou plus pour acheter des produits sur notre site, conform\u00e9ment \u00e0 l&rsquo;\u00e2ge l\u00e9gal pour fumer aux \u00c9tats-Unis pour les cigarettes \u00e9lectroniques et les articles connexes. Visitez\u00a0Puff9k pour des achats conformes et responsables. **Importance d&rsquo;une repr\u00e9sentation pr\u00e9cise de [&hellip;]<\/p>\n","protected":false},"author":1,"featured_media":0,"parent":0,"menu_order":0,"comment_status":"closed","ping_status":"closed","template":"","meta":{"footnotes":""},"class_list":["post-19399","page","type-page","status-publish","hentry"],"_links":{"self":[{"href":"https:\/\/vape.ac\/it\/wp-json\/wp\/v2\/pages\/19399","targetHints":{"allow":["GET"]}}],"collection":[{"href":"https:\/\/vape.ac\/it\/wp-json\/wp\/v2\/pages"}],"about":[{"href":"https:\/\/vape.ac\/it\/wp-json\/wp\/v2\/types\/page"}],"author":[{"embeddable":true,"href":"https:\/\/vape.ac\/it\/wp-json\/wp\/v2\/users\/1"}],"replies":[{"embeddable":true,"href":"https:\/\/vape.ac\/it\/wp-json\/wp\/v2\/comments?post=19399"}],"version-history":[{"count":0,"href":"https:\/\/vape.ac\/it\/wp-json\/wp\/v2\/pages\/19399\/revisions"}],"wp:attachment":[{"href":"https:\/\/vape.ac\/it\/wp-json\/wp\/v2\/media?parent=19399"}],"curies":[{"name":"wp","href":"https:\/\/api.w.org\/{rel}","templated":true}]}}