{"id":19393,"date":"2025-09-20T11:53:16","date_gmt":"2025-09-20T09:53:16","guid":{"rendered":"https:\/\/puff9k.com\/?page_id=19393"},"modified":"2025-09-20T11:53:17","modified_gmt":"2025-09-20T09:53:17","slug":"scheepvaartbeleid","status":"publish","type":"page","link":"https:\/\/vape.ac\/nl\/politique-dexpedition\/","title":{"rendered":"Verzendbeleid"},"content":{"rendered":"<p><strong>Verzendbeleid<\/strong><\/p>\n\n\n\n<p>1. Bestellingen worden binnen 1 tot 3 werkdagen verwerkt en verzonden. De verzendtijden liggen meestal tussen de 7 en 15 werkdagen. Houd er rekening mee dat we bestellingen niet in het weekend verzenden.<\/p>\n\n\n\n<p>2. Zodra je bestelling is verzonden, sturen we je een e-mail met de volginformatie. Je kunt je zending volgen met het trackingnummer op de volgende website:<\/p>\n\n\n\n<figure class=\"wp-block-embed\"><div class=\"wp-block-embed__wrapper\">\nhttps:\/\/www.17track.net\/en\n<\/div><\/figure>\n\n\n\n<p>Het kan 1 tot 2 dagen na verzending duren voordat de tracking-updates op de website verschijnen.<\/p>\n\n\n\n<p>3. Je kunt een bestelling annuleren of het afleveradres wijzigen op elk gewenst moment voordat de goederen worden verzonden. Als de bestelling echter eenmaal is verzonden, kunnen we geen geld teruggeven of adressen wijzigen.<\/p>\n\n\n\n<p>4.de landen waarnaar we kunnen verzenden&nbsp;<strong>DDP<\/strong>&nbsp;(<strong>Betaalde douanerechten<\/strong>) Deze methode betekent dat je niet hoeft in te klaren en dat je geen douanerechten hoeft te betalen.<\/p>\n\n\n\n<ul class=\"wp-block-list\">\n<li>Verenigde Staten - UPS Express (behalve Alaska en Hawaii)<\/li>\n\n\n\n<li>UK - Plaatselijk DPD Express<\/li>\n\n\n\n<li>Europa - UPS Express\/ DPD Express\/ DHL Express<\/li>\n<\/ul>\n\n\n\n<p>Lijst van DDP Europe landen: Duitsland, Belgi\u00eb, Luxemburg, Nederland, Tsjechi\u00eb, Polen, Kroati\u00eb, Slowakije, Sloveni\u00eb, Finland, Denemarken, Zweden, Oostenrijk, Frankrijk, Itali\u00eb, Hongarije, Bulgarije, Litouwen, Estland, Letland, Griekenland, Ierland, Portugal, Spanje.<\/p>","protected":false},"excerpt":{"rendered":"<p>Politique d&rsquo;exp\u00e9dition 1. Les commandes sont trait\u00e9es et exp\u00e9di\u00e9es dans un d\u00e9lai de 1 \u00e0 3 jours ouvrables. Les d\u00e9lais d&rsquo;exp\u00e9dition sont g\u00e9n\u00e9ralement compris entre 7 et 15 jours ouvrables. Veuillez noter que nous n&rsquo;exp\u00e9dions pas les commandes le week-end. 2. Une fois votre commande exp\u00e9di\u00e9e, nous vous enverrons par courrier \u00e9lectronique les informations de [&hellip;]<\/p>\n","protected":false},"author":1,"featured_media":0,"parent":0,"menu_order":0,"comment_status":"closed","ping_status":"closed","template":"","meta":{"footnotes":""},"class_list":["post-19393","page","type-page","status-publish","hentry"],"_links":{"self":[{"href":"https:\/\/vape.ac\/nl\/wp-json\/wp\/v2\/pages\/19393","targetHints":{"allow":["GET"]}}],"collection":[{"href":"https:\/\/vape.ac\/nl\/wp-json\/wp\/v2\/pages"}],"about":[{"href":"https:\/\/vape.ac\/nl\/wp-json\/wp\/v2\/types\/page"}],"author":[{"embeddable":true,"href":"https:\/\/vape.ac\/nl\/wp-json\/wp\/v2\/users\/1"}],"replies":[{"embeddable":true,"href":"https:\/\/vape.ac\/nl\/wp-json\/wp\/v2\/comments?post=19393"}],"version-history":[{"count":0,"href":"https:\/\/vape.ac\/nl\/wp-json\/wp\/v2\/pages\/19393\/revisions"}],"wp:attachment":[{"href":"https:\/\/vape.ac\/nl\/wp-json\/wp\/v2\/media?parent=19393"}],"curies":[{"name":"wp","href":"https:\/\/api.w.org\/{rel}","templated":true}]}}