{"id":19395,"date":"2025-09-20T11:55:08","date_gmt":"2025-09-20T09:55:08","guid":{"rendered":"https:\/\/puff9k.com\/?page_id=19395"},"modified":"2026-03-13T03:12:04","modified_gmt":"2026-03-13T02:12:04","slug":"restitutie-en-retourbeleid","status":"publish","type":"page","link":"https:\/\/vape.ac\/nl\/politique-de-remboursement-et-de-retour\/","title":{"rendered":"Restitutie- en retourbeleid"},"content":{"rendered":"<h2 class=\"wp-block-heading\" id=\"h-politique-de-remboursement-de-puff9k\">Terugbetalingsbeleid van Puff9k<\/h2>\n\n\n\n<p><strong>7-dagen retourbeleid<\/strong><\/p>\n\n\n\n<p>Bij Puff9k Vape bieden we een retourbeleid van 7 dagen aan. Dit betekent dat u vanaf de dag dat u uw artikel ontvangt, zeven dagen de tijd heeft om een retourverzoek in te dienen als u niet tevreden bent met uw aankoop.<\/p>\n\n\n\n<p><strong>In aanmerking komen voor terugkeer<\/strong><\/p>\n\n\n\n<p>Om in aanmerking te komen voor een retourzending, moet het artikel in dezelfde staat verkeren als toen u het ontving: ongebruikt, met aangehechte labels en in de originele verpakking. Zorg ervoor dat u uw kassabon of aankoopbewijs bij de hand hebt om het retourproces te vergemakkelijken.<\/p>\n\n\n\n<p><strong>Hoe begin je een comeback<\/strong><\/p>\n\n\n\n<p>Wilt u een artikel retourneren? Neem dan contact met ons op via info@puff9k.com. Zodra uw retourzending is goedgekeurd, ontvangt u van ons een prepaid verzendlabel en instructies voor het verzenden van uw pakket. Retourzendingen zonder voorafgaande toestemming worden niet geaccepteerd; neem hiervoor contact met ons op.<\/p>\n\n\n\n<p><strong>Schade en problemen melden<\/strong><\/p>\n\n\n\n<p>We raden je aan om je bestelling te inspecteren zodra deze bij je aankomt. Als je ontdekt dat je artikel beschadigd, defect of onjuist is, neem dan onmiddellijk contact met ons op zodat we het probleem snel kunnen oplossen.<\/p>\n\n\n\n<p><strong>Artikelen die niet in aanmerking komen voor retourzending<\/strong><\/p>\n\n\n\n<p>Sommige producten kunnen niet worden geretourneerd, zoals bederfelijke waren, op maat gemaakte artikelen, artikelen voor persoonlijke verzorging, gevaarlijke materialen en brandbare vloeistoffen of gassen. Als je niet zeker weet of een bepaald artikel in aanmerking komt, neem dan contact met ons op voor opheldering.<\/p>\n\n\n\n<p><strong>Uitwisselingsproces<\/strong><\/p>\n\n\n\n<p>Voor ruilingen raden we aan om eerst het originele artikel te retourneren. Zodra de retourzending is goedgekeurd, kunt u een aparte bestelling plaatsen voor het nieuwe artikel om een snelle verwerking te garanderen.<\/p>\n\n\n\n<p><strong>14-daagse bedenktijd voor EU-klanten<\/strong><\/p>\n\n\n\n<p>Voor klanten in de Europese Unie bieden we een afkoelingsperiode van 14 dagen. Dit betekent dat je je bestelling binnen 14 dagen na ontvangst zonder opgaaf van reden kunt annuleren of retourneren. De artikelen moeten in originele staat zijn, ongebruikt, met de labels eraan en in de originele verpakking. Er is ook een kassabon of aankoopbewijs nodig.<\/p>\n\n\n\n<p><strong>Terugbetalingsprocedure<\/strong><\/p>\n\n\n\n<p>Nadat we uw retourzending hebben ontvangen en gecontroleerd, laten we u weten of uw terugbetaling is goedgekeurd. Indien goedgekeurd, verwerken we de terugbetaling binnen 10 werkdagen via uw oorspronkelijke betaalmethode. Houd er rekening mee dat uw bank of creditcardmaatschappij mogelijk meer tijd nodig heeft om de terugbetaling te verwerken. Als u uw terugbetaling niet binnen 15 werkdagen na goedkeuring heeft ontvangen, neem dan contact met ons op via info@puff9k.com.<\/p>\n\n\n\n<p><strong>Dank u voor het kiezen van PUFF9K. Uw tevredenheid blijft onze topprioriteit.<\/strong><\/p>","protected":false},"excerpt":{"rendered":"<p>Politique de remboursement de Puff9k Politique de retour de 7 jours Chez Puff9k Vape, nous sommes heureux de proposer une politique de retour de 7 jours. Cela signifie qu&rsquo;\u00e0 compter du jour o\u00f9 vous recevez votre article, vous disposez de sept jours pour lancer une demande de retour si vous n&rsquo;\u00eates pas satisfait de votre [&hellip;]<\/p>\n","protected":false},"author":1,"featured_media":0,"parent":0,"menu_order":0,"comment_status":"closed","ping_status":"closed","template":"","meta":{"footnotes":""},"class_list":["post-19395","page","type-page","status-publish","hentry"],"_links":{"self":[{"href":"https:\/\/vape.ac\/nl\/wp-json\/wp\/v2\/pages\/19395","targetHints":{"allow":["GET"]}}],"collection":[{"href":"https:\/\/vape.ac\/nl\/wp-json\/wp\/v2\/pages"}],"about":[{"href":"https:\/\/vape.ac\/nl\/wp-json\/wp\/v2\/types\/page"}],"author":[{"embeddable":true,"href":"https:\/\/vape.ac\/nl\/wp-json\/wp\/v2\/users\/1"}],"replies":[{"embeddable":true,"href":"https:\/\/vape.ac\/nl\/wp-json\/wp\/v2\/comments?post=19395"}],"version-history":[{"count":0,"href":"https:\/\/vape.ac\/nl\/wp-json\/wp\/v2\/pages\/19395\/revisions"}],"wp:attachment":[{"href":"https:\/\/vape.ac\/nl\/wp-json\/wp\/v2\/media?parent=19395"}],"curies":[{"name":"wp","href":"https:\/\/api.w.org\/{rel}","templated":true}]}}