{"id":19397,"date":"2025-09-20T11:57:35","date_gmt":"2025-09-20T09:57:35","guid":{"rendered":"https:\/\/puff9k.com\/?page_id=19397"},"modified":"2025-09-20T11:57:36","modified_gmt":"2025-09-20T09:57:36","slug":"algemene-gebruiksvoorwaarden","status":"publish","type":"page","link":"https:\/\/vape.ac\/nl\/conditions-generales-dutilisation\/","title":{"rendered":"Gebruiksvoorwaarden"},"content":{"rendered":"<p>Welkom bij\u00a0<strong>PUff9k<\/strong>! Lees deze voorwaarden zorgvuldig door voordat u onze website gebruikt. Door onze website te bezoeken en te gebruiken, gaat u ermee akkoord gebonden te zijn aan de voorwaarden en bepalingen die hier worden beschreven en aan alle toepasselijke wetten. Als u niet akkoord gaat met deze voorwaarden, verzoeken wij u onze website niet langer te gebruiken. Door een aankoop te doen, gaat u akkoord met deze voorwaarden en met ons verzend-, retour- en garantiebeleid.<\/p>\n\n\n\n<p><strong>Internationale bestellingen<\/strong><\/p>\n\n\n\n<p><strong>PUff9k<\/strong> opereert wereldwijd vanuit het hoofdkantoor in Hong Kong. Klanten buiten Hong Kong worden beschouwd als internationale klanten. Zorg ervoor dat je op de hoogte bent van de regelgeving in jouw land met betrekking tot het bezit, de invoer en het gebruik van vaping producten voordat je een bestelling plaatst. Voor sommige landen kan een aanvullend beleid gelden, zoals gespecificeerd in ons verzend-, retour- en garantiebeleid.<\/p>\n\n\n\n<p><strong>Copyright<\/strong><\/p>\n\n\n\n<p>Alle inhoud op deze site, inclusief tekst, afbeeldingen en code, wordt beschermd door auteursrechtwetten als een collectief werk in eigendom van <strong>PUff9k<\/strong>. Copyright 2022, AiviouVape. Alle rechten voorbehouden. U mag delen van deze site elektronisch kopi\u00ebren en afdrukken om een bestelling te plaatsen of producten van AiviouVape te kopen. Elk ander gebruik, inclusief de reproductie, distributie of transmissie van de inhoud van de site, is verboden, tenzij toegestaan door AiviouVape Inc.<\/p>\n\n\n\n<p><strong>Handelsmerken<\/strong><\/p>\n\n\n\n<p>Alle handelsmerken, servicemerken en handelsnamen die op onze site worden weergegeven, zijn eigendom van<strong>PUff9k<\/strong>.<\/p>\n\n\n\n<p><strong>Garantie-uitsluitingen<\/strong><\/p>\n\n\n\n<p>Onze website en alle materialen en producten worden geleverd \"zoals ze zijn\" zonder enige vorm van garantie, expliciet of impliciet. <strong>PUff9k<\/strong> wijst alle garanties af, met inbegrip van maar niet beperkt tot verhandelbaarheid, geschiktheid voor een bepaald doel en niet-inbreuk. We garanderen niet dat de functies op de site ononderbroken of foutloos zullen zijn, dat defecten zullen worden gecorrigeerd of dat de site vrij is van virussen of andere schadelijke componenten. We staan niet in voor de nauwkeurigheid, volledigheid of betrouwbaarheid van de geleverde inhoud.<\/p>\n\n\n\n<p><strong>Beperking van aansprakelijkheid<\/strong><\/p>\n\n\n\n<p><strong>PUff9k<\/strong> is niet aansprakelijk voor enige speciale schade of gevolgschade die voortvloeit uit het gebruik van, of het onvermogen tot gebruik van, de materialen op deze site of de prestaties van de producten, zelfs indien geadviseerd over de mogelijkheid van dergelijke schade. In sommige rechtsgebieden is de uitsluiting of beperking van aansprakelijkheid voor gevolgschade of incidentele schade niet toegestaan, waardoor deze beperkingen mogelijk niet op u van toepassing zijn.<\/p>\n\n\n\n<p><strong>Be\u00ebindiging van bedrijfsactiviteiten<\/strong><\/p>\n\n\n\n<p>Deze voorwaarden gelden voor alle gebruikers wanneer zij de site bezoeken, zich registreren of een aankoop doen. <strong>PUff9k<\/strong> behoudt zich het recht voor om deze algemene voorwaarden te allen tijde zonder voorafgaande kennisgeving geheel of gedeeltelijk te be\u00ebindigen. De bepalingen met betrekking tot auteursrecht, handelsmerken, disclaimer, beperking van aansprakelijkheid, schadeloosstelling en diversen blijven na be\u00ebindiging van kracht.<\/p>\n\n\n\n<p><strong>Opinie<\/strong><\/p>\n\n\n\n<p><strong>PUff9k<\/strong> kunnen u e-mailberichten, algemene websiteberichten of andere betrouwbare methoden sturen met behulp van de contactgegevens die u hebt verstrekt.<\/p>\n\n\n\n<p><strong>Diverse<\/strong><\/p>\n\n\n\n<p>Deze Voorwaarden worden beheerst door de wetten van Hongkong, zonder rekening te houden met de principes van conflicterende wetten. Alle geschillen die voortvloeien uit deze Voorwaarden worden beslecht door de rechtbanken van Hongkong. Claims moeten binnen een jaar na het ontstaan ervan worden ingediend. De beslissing van<strong>PUff9k<\/strong> Het niet afdwingen van enig deel van deze voorwaarden vormt geen verklaring van afstand van enig recht. Wij kunnen onze rechten en verplichtingen onder deze voorwaarden overdragen zonder u daarvan op de hoogte te stellen.<\/p>\n\n\n\n<p><strong>Gebruik van de site<\/strong><\/p>\n\n\n\n<p>Intimidatie of ongepast gedrag op de site is verboden. Gebruikers mogen geen aanstootgevende inhoud uploaden of anderen benaderen voor commerci\u00eble diensten. <strong>PUff9k<\/strong> behoudt zich het recht voor om inhoud die in strijd is met deze voorwaarden te blokkeren of te verwijderen.<\/p>\n\n\n\n<p><strong>Disclaimer deelname<\/strong><\/p>\n\n\n\n<p><strong>PUff9k<\/strong> is niet verantwoordelijk voor door gebruikers gegenereerde inhoud op de website. Wij fungeren uitsluitend als distributieplatform en behouden ons het recht voor om aanstootgevende inhoud te verwijderen indien dit noodzakelijk wordt geacht.<\/p>\n\n\n\n<p><strong>Gebruik van producten<\/strong><\/p>\n\n\n\n<p><strong>PUff9k<\/strong> doet geen uitspraak over de werkzaamheid van het product voor een specifiek doel. Alle producten worden gebruikt op eigen risico van de koper. Nicotineproducten zijn alleen bedoeld voor gebruik door volwassenen. Raadpleeg een professional uit de gezondheidszorg voordat u nicotineproducten gebruikt.<\/p>\n\n\n\n<p><strong>Compensatie<\/strong><\/p>\n\n\n\n<p>Door onze website te gebruiken, gaat u ermee akkoord het volgende te vergoeden <strong>PUff9k<\/strong> en haar serviceproviders tegen alle verliezen, schade, kosten en uitgaven als gevolg van een schending van deze voorwaarden of gerelateerde activiteiten op uw account.<\/p>\n\n\n\n<p><strong>Koppelingen met derden<\/strong><\/p>\n\n\n\n<p><strong>PUff9k<\/strong> kan links naar externe sites bevatten voor het gemak van de gebruiker. Wij hebben geen controle over deze sites en zijn niet verantwoordelijk voor hun inhoud of praktijken.<\/p>\n\n\n\n<p><strong>Afwijzing van aansprakelijkheid<\/strong><\/p>\n\n\n\n<p>Voor sommige producten gelden specifieke waarschuwingen met betrekking tot het retourneren of ruilen. Lees alle productspecifieke waarschuwingen voordat je tot aankoop overgaat. Door bij het afrekenen onze algemene voorwaarden te accepteren, bevestig je dat je alle van toepassing zijnde waarschuwingen begrijpt.<\/p>\n\n\n\n<p>Bedankt voor het kiezen van\u00a0<strong><strong>PUff9k<\/strong><\/strong> !<\/p>","protected":false},"excerpt":{"rendered":"<p>Bienvenue \u00e0\u00a0PUff9k! Veuillez lire attentivement ces conditions g\u00e9n\u00e9rales avant d&rsquo;utiliser notre site Web. En acc\u00e9dant \u00e0 notre site et en l&rsquo;utilisant, vous acceptez de vous conformer aux conditions d\u00e9crites ici, ainsi qu&rsquo;\u00e0 toutes les lois applicables. Si vous n&rsquo;\u00eates pas d&rsquo;accord avec ces conditions, veuillez cesser d&rsquo;utiliser notre site Web. En effectuant un achat, vous [&hellip;]<\/p>\n","protected":false},"author":1,"featured_media":0,"parent":0,"menu_order":0,"comment_status":"closed","ping_status":"closed","template":"","meta":{"footnotes":""},"class_list":["post-19397","page","type-page","status-publish","hentry"],"_links":{"self":[{"href":"https:\/\/vape.ac\/nl\/wp-json\/wp\/v2\/pages\/19397","targetHints":{"allow":["GET"]}}],"collection":[{"href":"https:\/\/vape.ac\/nl\/wp-json\/wp\/v2\/pages"}],"about":[{"href":"https:\/\/vape.ac\/nl\/wp-json\/wp\/v2\/types\/page"}],"author":[{"embeddable":true,"href":"https:\/\/vape.ac\/nl\/wp-json\/wp\/v2\/users\/1"}],"replies":[{"embeddable":true,"href":"https:\/\/vape.ac\/nl\/wp-json\/wp\/v2\/comments?post=19397"}],"version-history":[{"count":0,"href":"https:\/\/vape.ac\/nl\/wp-json\/wp\/v2\/pages\/19397\/revisions"}],"wp:attachment":[{"href":"https:\/\/vape.ac\/nl\/wp-json\/wp\/v2\/media?parent=19397"}],"curies":[{"name":"wp","href":"https:\/\/api.w.org\/{rel}","templated":true}]}}